{"id":56,"date":"2014-09-17T13:34:36","date_gmt":"2014-09-17T18:34:36","guid":{"rendered":"http:\/\/www.atkinsonhomesal.com\/?page_id=56"},"modified":"2022-09-07T18:18:40","modified_gmt":"2022-09-07T23:18:40","slug":"planning-for-ownership","status":"publish","type":"page","link":"https:\/\/www.atkinsonhomesal.com\/es\/planning-for-ownership\/","title":{"rendered":"Planificaci\u00f3n de la propiedad"},"content":{"rendered":"<div data-elementor-type=\"wp-page\" data-elementor-id=\"56\" class=\"elementor elementor-56\" data-elementor-post-type=\"page\">\n\t\t\t\t\t\t<section class=\"elementor-section elementor-top-section elementor-element elementor-element-959b319 elementor-section-boxed elementor-section-height-default elementor-section-height-default\" data-id=\"959b319\" data-element_type=\"section\" data-e-type=\"section\">\n\t\t\t\t\t\t<div class=\"elementor-container elementor-column-gap-default\">\n\t\t\t\t\t<div class=\"elementor-column elementor-col-100 elementor-top-column elementor-element elementor-element-26124238\" data-id=\"26124238\" data-element_type=\"column\" data-e-type=\"column\">\n\t\t\t<div class=\"elementor-widget-wrap elementor-element-populated\">\n\t\t\t\t\t\t<div class=\"elementor-element elementor-element-3e1c5b07 elementor-widget__width-initial elementor-widget elementor-widget-text-editor\" data-id=\"3e1c5b07\" data-element_type=\"widget\" data-e-type=\"widget\" data-widget_type=\"text-editor.default\">\n\t\t\t\t<div class=\"elementor-widget-container\">\n\t\t\t\t\t\t\t\t\tEl personal capacitado de Atkinson Homes est\u00e1 listo para servirle y ayudarlo a que su mudanza a una de nuestras hermosas y lujosas casas sea una transici\u00f3n f\u00e1cil. Siempre estamos disponibles para responder sus preguntas y guiarlo a trav\u00e9s del proceso, desde ense\u00f1arle c\u00f3mo asegurarse de que su nuevo hogar cumpla con los requisitos de zonificaci\u00f3n locales hasta lo que debe hacerse con la propiedad antes de mudar su nuevo hogar a su nuevo hogar. Muchas de sus preguntas, incluso una calculadora de financiaci\u00f3n, se pueden encontrar en esta secci\u00f3n de nuestro sitio web a trav\u00e9s del men\u00fa desplegable, o no dude en ponerse en contacto con uno de nuestros amables empleados si tiene alguna pregunta adicional.\t\t\t\t\t\t\t\t<\/div>\n\t\t\t\t<\/div>\n\t\t\t\t\t<\/div>\n\t\t<\/div>\n\t\t\t\t\t<\/div>\n\t\t<\/section>\n\t\t\t\t<\/div>","protected":false},"excerpt":{"rendered":"<p>The trained staff at Atkinson Homes is ready to serve  [&#8230;]<\/p>\n","protected":false},"author":1,"featured_media":0,"parent":0,"menu_order":0,"comment_status":"closed","ping_status":"open","template":"elementor_header_footer","meta":{"_monsterinsights_skip_tracking":false,"_monsterinsights_sitenote_active":false,"_monsterinsights_sitenote_note":"","_monsterinsights_sitenote_category":0,"footnotes":""},"class_list":["post-56","page","type-page","status-publish","hentry"],"yoast_head":"<!-- This site is optimized with the Yoast SEO plugin v27.4 - https:\/\/yoast.com\/product\/yoast-seo-wordpress\/ -->\n<title>Planning for Ownership - Atkinson Homes<\/title>\n<meta name=\"robots\" content=\"index, follow, max-snippet:-1, max-image-preview:large, max-video-preview:-1\" \/>\n<link rel=\"canonical\" href=\"https:\/\/www.atkinsonhomesal.com\/es\/planning-for-ownership\/\" \/>\n<meta property=\"og:locale\" content=\"es_ES\" \/>\n<meta property=\"og:type\" content=\"article\" \/>\n<meta property=\"og:title\" content=\"Planning for Ownership - Atkinson Homes\" \/>\n<meta property=\"og:description\" content=\"The trained staff at Atkinson Homes is ready to serve [...]\" \/>\n<meta property=\"og:url\" content=\"https:\/\/www.atkinsonhomesal.com\/es\/planning-for-ownership\/\" \/>\n<meta property=\"og:site_name\" content=\"Atkinson Homes\" \/>\n<meta property=\"article:modified_time\" content=\"2022-09-07T23:18:40+00:00\" \/>\n<meta name=\"twitter:label1\" content=\"Tiempo de lectura\" \/>\n\t<meta name=\"twitter:data1\" content=\"1 minuto\" \/>\n<script type=\"application\/ld+json\" class=\"yoast-schema-graph\">{\"@context\":\"https:\\\/\\\/schema.org\",\"@graph\":[{\"@type\":\"WebPage\",\"@id\":\"https:\\\/\\\/www.atkinsonhomesal.com\\\/planning-for-ownership\\\/\",\"url\":\"https:\\\/\\\/www.atkinsonhomesal.com\\\/planning-for-ownership\\\/\",\"name\":\"Planning for Ownership - Atkinson Homes\",\"isPartOf\":{\"@id\":\"https:\\\/\\\/www.atkinsonhomesal.com\\\/#website\"},\"datePublished\":\"2014-09-17T18:34:36+00:00\",\"dateModified\":\"2022-09-07T23:18:40+00:00\",\"breadcrumb\":{\"@id\":\"https:\\\/\\\/www.atkinsonhomesal.com\\\/planning-for-ownership\\\/#breadcrumb\"},\"inLanguage\":\"es\",\"potentialAction\":[{\"@type\":\"ReadAction\",\"target\":[\"https:\\\/\\\/www.atkinsonhomesal.com\\\/planning-for-ownership\\\/\"]}]},{\"@type\":\"BreadcrumbList\",\"@id\":\"https:\\\/\\\/www.atkinsonhomesal.com\\\/planning-for-ownership\\\/#breadcrumb\",\"itemListElement\":[{\"@type\":\"ListItem\",\"position\":1,\"name\":\"Home\",\"item\":\"https:\\\/\\\/www.atkinsonhomesal.com\\\/\"},{\"@type\":\"ListItem\",\"position\":2,\"name\":\"Planning for Ownership\"}]},{\"@type\":\"WebSite\",\"@id\":\"https:\\\/\\\/www.atkinsonhomesal.com\\\/#website\",\"url\":\"https:\\\/\\\/www.atkinsonhomesal.com\\\/\",\"name\":\"Atkinson Homes\",\"description\":\"You are going to love our homes\",\"publisher\":{\"@id\":\"https:\\\/\\\/www.atkinsonhomesal.com\\\/#organization\"},\"potentialAction\":[{\"@type\":\"SearchAction\",\"target\":{\"@type\":\"EntryPoint\",\"urlTemplate\":\"https:\\\/\\\/www.atkinsonhomesal.com\\\/?s={search_term_string}\"},\"query-input\":{\"@type\":\"PropertyValueSpecification\",\"valueRequired\":true,\"valueName\":\"search_term_string\"}}],\"inLanguage\":\"es\"},{\"@type\":\"Organization\",\"@id\":\"https:\\\/\\\/www.atkinsonhomesal.com\\\/#organization\",\"name\":\"Atkinson Homes\",\"url\":\"https:\\\/\\\/www.atkinsonhomesal.com\\\/\",\"logo\":{\"@type\":\"ImageObject\",\"inLanguage\":\"es\",\"@id\":\"https:\\\/\\\/www.atkinsonhomesal.com\\\/#\\\/schema\\\/logo\\\/image\\\/\",\"url\":\"https:\\\/\\\/www.atkinsonhomesal.com\\\/wp-content\\\/uploads\\\/2022\\\/08\\\/cropped-atkinson-homes-page-logo.jpg\",\"contentUrl\":\"https:\\\/\\\/www.atkinsonhomesal.com\\\/wp-content\\\/uploads\\\/2022\\\/08\\\/cropped-atkinson-homes-page-logo.jpg\",\"width\":512,\"height\":512,\"caption\":\"Atkinson Homes\"},\"image\":{\"@id\":\"https:\\\/\\\/www.atkinsonhomesal.com\\\/#\\\/schema\\\/logo\\\/image\\\/\"}}]}<\/script>\n<!-- \/ Yoast SEO plugin. -->","yoast_head_json":{"title":"Planning for Ownership - Atkinson Homes","robots":{"index":"index","follow":"follow","max-snippet":"max-snippet:-1","max-image-preview":"max-image-preview:large","max-video-preview":"max-video-preview:-1"},"canonical":"https:\/\/www.atkinsonhomesal.com\/es\/planning-for-ownership\/","og_locale":"es_ES","og_type":"article","og_title":"Planning for Ownership - Atkinson Homes","og_description":"The trained staff at Atkinson Homes is ready to serve [...]","og_url":"https:\/\/www.atkinsonhomesal.com\/es\/planning-for-ownership\/","og_site_name":"Atkinson Homes","article_modified_time":"2022-09-07T23:18:40+00:00","twitter_misc":{"Tiempo de lectura":"1 minuto"},"schema":{"@context":"https:\/\/schema.org","@graph":[{"@type":"WebPage","@id":"https:\/\/www.atkinsonhomesal.com\/planning-for-ownership\/","url":"https:\/\/www.atkinsonhomesal.com\/planning-for-ownership\/","name":"Planning for Ownership - Atkinson Homes","isPartOf":{"@id":"https:\/\/www.atkinsonhomesal.com\/#website"},"datePublished":"2014-09-17T18:34:36+00:00","dateModified":"2022-09-07T23:18:40+00:00","breadcrumb":{"@id":"https:\/\/www.atkinsonhomesal.com\/planning-for-ownership\/#breadcrumb"},"inLanguage":"es","potentialAction":[{"@type":"ReadAction","target":["https:\/\/www.atkinsonhomesal.com\/planning-for-ownership\/"]}]},{"@type":"BreadcrumbList","@id":"https:\/\/www.atkinsonhomesal.com\/planning-for-ownership\/#breadcrumb","itemListElement":[{"@type":"ListItem","position":1,"name":"Home","item":"https:\/\/www.atkinsonhomesal.com\/"},{"@type":"ListItem","position":2,"name":"Planning for Ownership"}]},{"@type":"WebSite","@id":"https:\/\/www.atkinsonhomesal.com\/#website","url":"https:\/\/www.atkinsonhomesal.com\/","name":"Casas en Atkinson","description":"Te van a encantar nuestras casas","publisher":{"@id":"https:\/\/www.atkinsonhomesal.com\/#organization"},"potentialAction":[{"@type":"SearchAction","target":{"@type":"EntryPoint","urlTemplate":"https:\/\/www.atkinsonhomesal.com\/?s={search_term_string}"},"query-input":{"@type":"PropertyValueSpecification","valueRequired":true,"valueName":"search_term_string"}}],"inLanguage":"es"},{"@type":"Organization","@id":"https:\/\/www.atkinsonhomesal.com\/#organization","name":"Casas en Atkinson","url":"https:\/\/www.atkinsonhomesal.com\/","logo":{"@type":"ImageObject","inLanguage":"es","@id":"https:\/\/www.atkinsonhomesal.com\/#\/schema\/logo\/image\/","url":"https:\/\/www.atkinsonhomesal.com\/wp-content\/uploads\/2022\/08\/cropped-atkinson-homes-page-logo.jpg","contentUrl":"https:\/\/www.atkinsonhomesal.com\/wp-content\/uploads\/2022\/08\/cropped-atkinson-homes-page-logo.jpg","width":512,"height":512,"caption":"Atkinson Homes"},"image":{"@id":"https:\/\/www.atkinsonhomesal.com\/#\/schema\/logo\/image\/"}}]}},"_links":{"self":[{"href":"https:\/\/www.atkinsonhomesal.com\/es\/wp-json\/wp\/v2\/pages\/56","targetHints":{"allow":["GET"]}}],"collection":[{"href":"https:\/\/www.atkinsonhomesal.com\/es\/wp-json\/wp\/v2\/pages"}],"about":[{"href":"https:\/\/www.atkinsonhomesal.com\/es\/wp-json\/wp\/v2\/types\/page"}],"author":[{"embeddable":true,"href":"https:\/\/www.atkinsonhomesal.com\/es\/wp-json\/wp\/v2\/users\/1"}],"replies":[{"embeddable":true,"href":"https:\/\/www.atkinsonhomesal.com\/es\/wp-json\/wp\/v2\/comments?post=56"}],"version-history":[{"count":5,"href":"https:\/\/www.atkinsonhomesal.com\/es\/wp-json\/wp\/v2\/pages\/56\/revisions"}],"predecessor-version":[{"id":3430,"href":"https:\/\/www.atkinsonhomesal.com\/es\/wp-json\/wp\/v2\/pages\/56\/revisions\/3430"}],"wp:attachment":[{"href":"https:\/\/www.atkinsonhomesal.com\/es\/wp-json\/wp\/v2\/media?parent=56"}],"curies":[{"name":"gracias","href":"https:\/\/api.w.org\/{rel}","templated":true}]}}