{"id":4745,"date":"2024-12-27T14:57:44","date_gmt":"2024-12-27T20:57:44","guid":{"rendered":"https:\/\/www.atkinsonhomesal.com\/?page_id=4745"},"modified":"2024-12-27T15:05:58","modified_gmt":"2024-12-27T21:05:58","slug":"faqs","status":"publish","type":"page","link":"https:\/\/www.atkinsonhomesal.com\/es\/faqs\/","title":{"rendered":"Preguntas frecuentes"},"content":{"rendered":"\t\t<div data-elementor-type=\"wp-page\" data-elementor-id=\"4745\" class=\"elementor elementor-4745\" data-elementor-post-type=\"page\">\n\t\t\t\t\t\t<section class=\"elementor-section elementor-top-section elementor-element elementor-element-b151888 elementor-section-full_width elementor-section-content-top elementor-section-height-default elementor-section-height-default\" data-id=\"b151888\" data-element_type=\"section\" data-e-type=\"section\">\n\t\t\t\t\t\t<div class=\"elementor-container elementor-column-gap-no\">\n\t\t\t\t\t<div class=\"elementor-column elementor-col-100 elementor-top-column elementor-element elementor-element-404f194\" data-id=\"404f194\" data-element_type=\"column\" data-e-type=\"column\">\n\t\t\t<div class=\"elementor-widget-wrap elementor-element-populated\">\n\t\t\t\t\t\t<div class=\"elementor-element elementor-element-94926a7 elementor-widget elementor-widget-heading\" data-id=\"94926a7\" data-element_type=\"widget\" data-e-type=\"widget\" data-widget_type=\"heading.default\">\n\t\t\t\t<div class=\"elementor-widget-container\">\n\t\t\t\t\t<h1 class=\"elementor-heading-title elementor-size-default\">FAQs<\/h1>\t\t\t\t<\/div>\n\t\t\t\t<\/div>\n\t\t\t\t<div class=\"elementor-element elementor-element-fd98c9d elementor-widget elementor-widget-heading\" data-id=\"fd98c9d\" data-element_type=\"widget\" data-e-type=\"widget\" data-widget_type=\"heading.default\">\n\t\t\t\t<div class=\"elementor-widget-container\">\n\t\t\t\t\t<h3 class=\"elementor-heading-title elementor-size-default\">Atkinson Homes<\/h3>\t\t\t\t<\/div>\n\t\t\t\t<\/div>\n\t\t\t\t<div class=\"elementor-element elementor-element-7ef0189 elementor-widget elementor-widget-spacer\" data-id=\"7ef0189\" data-element_type=\"widget\" data-e-type=\"widget\" data-widget_type=\"spacer.default\">\n\t\t\t\t<div class=\"elementor-widget-container\">\n\t\t\t\t\t\t\t<div class=\"elementor-spacer\">\n\t\t\t<div class=\"elementor-spacer-inner\"><\/div>\n\t\t<\/div>\n\t\t\t\t\t\t<\/div>\n\t\t\t\t<\/div>\n\t\t\t\t\t<\/div>\n\t\t<\/div>\n\t\t\t\t\t<\/div>\n\t\t<\/section>\n\t\t\t\t<section class=\"elementor-section elementor-top-section elementor-element elementor-element-1741c9b elementor-section-boxed elementor-section-height-default elementor-section-height-default\" data-id=\"1741c9b\" data-element_type=\"section\" data-e-type=\"section\" data-settings=\"{&quot;background_background&quot;:&quot;classic&quot;}\">\n\t\t\t\t\t\t<div class=\"elementor-container elementor-column-gap-default\">\n\t\t\t\t\t<div class=\"elementor-column elementor-col-100 elementor-top-column elementor-element elementor-element-2a0d4f4\" data-id=\"2a0d4f4\" data-element_type=\"column\" data-e-type=\"column\">\n\t\t\t<div class=\"elementor-widget-wrap elementor-element-populated\">\n\t\t\t\t\t\t<div class=\"elementor-element elementor-element-1f56ce0 elementor-widget elementor-widget-heading\" data-id=\"1f56ce0\" data-element_type=\"widget\" data-e-type=\"widget\" data-widget_type=\"heading.default\">\n\t\t\t\t<div class=\"elementor-widget-container\">\n\t\t\t\t\t<p class=\"elementor-heading-title elementor-size-default\">Have a manufactured home-related question? We have the answer. Check out these FAQs and give us a call today for more information!<\/p>\t\t\t\t<\/div>\n\t\t\t\t<\/div>\n\t\t\t\t<div class=\"elementor-element elementor-element-4bd7a08 elementor-widget elementor-widget-accordion\" data-id=\"4bd7a08\" data-element_type=\"widget\" data-e-type=\"widget\" data-widget_type=\"accordion.default\">\n\t\t\t\t<div class=\"elementor-widget-container\">\n\t\t\t\t\t\t\t<div class=\"elementor-accordion\">\n\t\t\t\t\t\t\t<div class=\"elementor-accordion-item\">\n\t\t\t\t\t<div id=\"elementor-tab-title-7951\" class=\"elementor-tab-title\" data-tab=\"1\" role=\"button\" aria-controls=\"elementor-tab-content-7951\" aria-expanded=\"false\">\n\t\t\t\t\t\t\t\t\t\t\t\t\t<span class=\"elementor-accordion-icon elementor-accordion-icon-left\" aria-hidden=\"true\">\n\t\t\t\t\t\t\t\t\t\t\t\t\t\t\t<span class=\"elementor-accordion-icon-closed\"><i class=\"fas fa-plus\"><\/i><\/span>\n\t\t\t\t\t\t\t\t<span class=\"elementor-accordion-icon-opened\"><i class=\"fas fa-minus\"><\/i><\/span>\n\t\t\t\t\t\t\t\t\t\t\t\t\t\t<\/span>\n\t\t\t\t\t\t\t\t\t\t\t\t<a class=\"elementor-accordion-title\" tabindex=\"0\">Do you offer financing?<\/a>\n\t\t\t\t\t<\/div>\n\t\t\t\t\t<div id=\"elementor-tab-content-7951\" class=\"elementor-tab-content elementor-clearfix\" data-tab=\"1\" role=\"region\" aria-labelledby=\"elementor-tab-title-7951\"><p>Yes, we offer financing for our manufactured homes! According to MH Insider, as of 2023, there were approximately 4.3 million manufactured home sites in the U.S. Let us help you get the perfect home for you and your family. Call today to learn more about your options.<\/p><\/div>\n\t\t\t\t<\/div>\n\t\t\t\t\t\t\t<div class=\"elementor-accordion-item\">\n\t\t\t\t\t<div id=\"elementor-tab-title-7952\" class=\"elementor-tab-title\" data-tab=\"2\" role=\"button\" aria-controls=\"elementor-tab-content-7952\" aria-expanded=\"false\">\n\t\t\t\t\t\t\t\t\t\t\t\t\t<span class=\"elementor-accordion-icon elementor-accordion-icon-left\" aria-hidden=\"true\">\n\t\t\t\t\t\t\t\t\t\t\t\t\t\t\t<span class=\"elementor-accordion-icon-closed\"><i class=\"fas fa-plus\"><\/i><\/span>\n\t\t\t\t\t\t\t\t<span class=\"elementor-accordion-icon-opened\"><i class=\"fas fa-minus\"><\/i><\/span>\n\t\t\t\t\t\t\t\t\t\t\t\t\t\t<\/span>\n\t\t\t\t\t\t\t\t\t\t\t\t<a class=\"elementor-accordion-title\" tabindex=\"0\">Do you finance land with the homes?<\/a>\n\t\t\t\t\t<\/div>\n\t\t\t\t\t<div id=\"elementor-tab-content-7952\" class=\"elementor-tab-content elementor-clearfix\" data-tab=\"2\" role=\"region\" aria-labelledby=\"elementor-tab-title-7952\"><p>Yes, we do finance lands with manufactured homes as well. Call today to learn more!<\/p><\/div>\n\t\t\t\t<\/div>\n\t\t\t\t\t\t\t<div class=\"elementor-accordion-item\">\n\t\t\t\t\t<div id=\"elementor-tab-title-7953\" class=\"elementor-tab-title\" data-tab=\"3\" role=\"button\" aria-controls=\"elementor-tab-content-7953\" aria-expanded=\"false\">\n\t\t\t\t\t\t\t\t\t\t\t\t\t<span class=\"elementor-accordion-icon elementor-accordion-icon-left\" aria-hidden=\"true\">\n\t\t\t\t\t\t\t\t\t\t\t\t\t\t\t<span class=\"elementor-accordion-icon-closed\"><i class=\"fas fa-plus\"><\/i><\/span>\n\t\t\t\t\t\t\t\t<span class=\"elementor-accordion-icon-opened\"><i class=\"fas fa-minus\"><\/i><\/span>\n\t\t\t\t\t\t\t\t\t\t\t\t\t\t<\/span>\n\t\t\t\t\t\t\t\t\t\t\t\t<a class=\"elementor-accordion-title\" tabindex=\"0\">What are your hours of operation?<\/a>\n\t\t\t\t\t<\/div>\n\t\t\t\t\t<div id=\"elementor-tab-content-7953\" class=\"elementor-tab-content elementor-clearfix\" data-tab=\"3\" role=\"region\" aria-labelledby=\"elementor-tab-title-7953\"><p>We are open from 9 am to 5 pm, Monday through Saturday! When you are looking for manufactured homes, reach out to Atkinson Homes today!<\/p><\/div>\n\t\t\t\t<\/div>\n\t\t\t\t\t\t\t\t\t\t<script type=\"application\/ld+json\">{\"@context\":\"https:\\\/\\\/schema.org\",\"@type\":\"FAQPage\",\"mainEntity\":[{\"@type\":\"Question\",\"name\":\"Do you offer financing?\",\"acceptedAnswer\":{\"@type\":\"Answer\",\"text\":\"<p>Yes, we offer financing for our manufactured homes! According to MH Insider, as of 2023, there were approximately 4.3 million manufactured home sites in the U.S. Let us help you get the perfect home for you and your family. Call today to learn more about your options.<\\\/p>\"}},{\"@type\":\"Question\",\"name\":\"Do you finance land with the homes?\",\"acceptedAnswer\":{\"@type\":\"Answer\",\"text\":\"<p>Yes, we do finance lands with manufactured homes as well. Call today to learn more!<\\\/p>\"}},{\"@type\":\"Question\",\"name\":\"What are your hours of operation?\",\"acceptedAnswer\":{\"@type\":\"Answer\",\"text\":\"<p>We are open from 9 am to 5 pm, Monday through Saturday! When you are looking for manufactured homes, reach out to Atkinson Homes today!<\\\/p>\"}}]}<\/script>\n\t\t\t\t\t<\/div>\n\t\t\t\t\t\t<\/div>\n\t\t\t\t<\/div>\n\t\t\t\t\t<\/div>\n\t\t<\/div>\n\t\t\t\t\t<\/div>\n\t\t<\/section>\n\t\t\t\t<section class=\"elementor-section elementor-top-section elementor-element elementor-element-15c0443 elementor-section-boxed elementor-section-height-default elementor-section-height-default\" data-id=\"15c0443\" data-element_type=\"section\" data-e-type=\"section\">\n\t\t\t\t\t\t<div class=\"elementor-container elementor-column-gap-default\">\n\t\t\t\t\t<div class=\"elementor-column elementor-col-100 elementor-top-column elementor-element elementor-element-320606f\" data-id=\"320606f\" data-element_type=\"column\" data-e-type=\"column\">\n\t\t\t<div class=\"elementor-widget-wrap\">\n\t\t\t\t\t\t\t<\/div>\n\t\t<\/div>\n\t\t\t\t\t<\/div>\n\t\t<\/section>\n\t\t\t\t<\/div>\n\t\t","protected":false},"excerpt":{"rendered":"<p>FAQs Atkinson Homes Have a manufactured home-related question? We have  [&#8230;]<\/p>\n","protected":false},"author":3,"featured_media":0,"parent":0,"menu_order":0,"comment_status":"closed","ping_status":"open","template":"","meta":{"_monsterinsights_skip_tracking":false,"_monsterinsights_sitenote_active":false,"_monsterinsights_sitenote_note":"","_monsterinsights_sitenote_category":0,"footnotes":""},"class_list":["post-4745","page","type-page","status-publish","hentry"],"yoast_head":"<!-- This site is optimized with the Yoast SEO plugin v27.4 - https:\/\/yoast.com\/product\/yoast-seo-wordpress\/ -->\n<title>FAQs | Atkinson Homes<\/title>\n<meta name=\"description\" content=\"Visit our FAQ page to learn more about Atkinson Homes.\" \/>\n<meta name=\"robots\" content=\"index, follow, max-snippet:-1, max-image-preview:large, max-video-preview:-1\" \/>\n<link rel=\"canonical\" href=\"https:\/\/www.atkinsonhomesal.com\/es\/faqs\/\" \/>\n<meta property=\"og:locale\" content=\"es_ES\" \/>\n<meta property=\"og:type\" content=\"article\" \/>\n<meta property=\"og:title\" content=\"FAQs | Atkinson Homes\" \/>\n<meta property=\"og:description\" content=\"Visit our FAQ page to learn more about Atkinson Homes.\" \/>\n<meta property=\"og:url\" content=\"https:\/\/www.atkinsonhomesal.com\/es\/faqs\/\" \/>\n<meta property=\"og:site_name\" content=\"Atkinson Homes\" \/>\n<meta property=\"article:modified_time\" content=\"2024-12-27T21:05:58+00:00\" \/>\n<meta name=\"twitter:label1\" content=\"Tiempo de lectura\" \/>\n\t<meta name=\"twitter:data1\" content=\"1 minuto\" \/>\n<script type=\"application\/ld+json\" class=\"yoast-schema-graph\">{\"@context\":\"https:\\\/\\\/schema.org\",\"@graph\":[{\"@type\":\"WebPage\",\"@id\":\"https:\\\/\\\/www.atkinsonhomesal.com\\\/faqs\\\/\",\"url\":\"https:\\\/\\\/www.atkinsonhomesal.com\\\/faqs\\\/\",\"name\":\"FAQs | Atkinson Homes\",\"isPartOf\":{\"@id\":\"https:\\\/\\\/www.atkinsonhomesal.com\\\/#website\"},\"datePublished\":\"2024-12-27T20:57:44+00:00\",\"dateModified\":\"2024-12-27T21:05:58+00:00\",\"description\":\"Visit our FAQ page to learn more about Atkinson Homes.\",\"breadcrumb\":{\"@id\":\"https:\\\/\\\/www.atkinsonhomesal.com\\\/faqs\\\/#breadcrumb\"},\"inLanguage\":\"es\",\"potentialAction\":[{\"@type\":\"ReadAction\",\"target\":[\"https:\\\/\\\/www.atkinsonhomesal.com\\\/faqs\\\/\"]}]},{\"@type\":\"BreadcrumbList\",\"@id\":\"https:\\\/\\\/www.atkinsonhomesal.com\\\/faqs\\\/#breadcrumb\",\"itemListElement\":[{\"@type\":\"ListItem\",\"position\":1,\"name\":\"Home\",\"item\":\"https:\\\/\\\/www.atkinsonhomesal.com\\\/\"},{\"@type\":\"ListItem\",\"position\":2,\"name\":\"FAQs\"}]},{\"@type\":\"WebSite\",\"@id\":\"https:\\\/\\\/www.atkinsonhomesal.com\\\/#website\",\"url\":\"https:\\\/\\\/www.atkinsonhomesal.com\\\/\",\"name\":\"Atkinson Homes\",\"description\":\"You are going to love our homes\",\"publisher\":{\"@id\":\"https:\\\/\\\/www.atkinsonhomesal.com\\\/#organization\"},\"potentialAction\":[{\"@type\":\"SearchAction\",\"target\":{\"@type\":\"EntryPoint\",\"urlTemplate\":\"https:\\\/\\\/www.atkinsonhomesal.com\\\/?s={search_term_string}\"},\"query-input\":{\"@type\":\"PropertyValueSpecification\",\"valueRequired\":true,\"valueName\":\"search_term_string\"}}],\"inLanguage\":\"es\"},{\"@type\":\"Organization\",\"@id\":\"https:\\\/\\\/www.atkinsonhomesal.com\\\/#organization\",\"name\":\"Atkinson Homes\",\"url\":\"https:\\\/\\\/www.atkinsonhomesal.com\\\/\",\"logo\":{\"@type\":\"ImageObject\",\"inLanguage\":\"es\",\"@id\":\"https:\\\/\\\/www.atkinsonhomesal.com\\\/#\\\/schema\\\/logo\\\/image\\\/\",\"url\":\"https:\\\/\\\/www.atkinsonhomesal.com\\\/wp-content\\\/uploads\\\/2022\\\/08\\\/cropped-atkinson-homes-page-logo.jpg\",\"contentUrl\":\"https:\\\/\\\/www.atkinsonhomesal.com\\\/wp-content\\\/uploads\\\/2022\\\/08\\\/cropped-atkinson-homes-page-logo.jpg\",\"width\":512,\"height\":512,\"caption\":\"Atkinson Homes\"},\"image\":{\"@id\":\"https:\\\/\\\/www.atkinsonhomesal.com\\\/#\\\/schema\\\/logo\\\/image\\\/\"}}]}<\/script>\n<!-- \/ Yoast SEO plugin. -->","yoast_head_json":{"title":"Preguntas frecuentes | Atkinson Homes","description":"Visite nuestra p\u00e1gina de preguntas frecuentes para obtener m\u00e1s informaci\u00f3n sobre Atkinson Homes.","robots":{"index":"index","follow":"follow","max-snippet":"max-snippet:-1","max-image-preview":"max-image-preview:large","max-video-preview":"max-video-preview:-1"},"canonical":"https:\/\/www.atkinsonhomesal.com\/es\/faqs\/","og_locale":"es_ES","og_type":"article","og_title":"FAQs | Atkinson Homes","og_description":"Visit our FAQ page to learn more about Atkinson Homes.","og_url":"https:\/\/www.atkinsonhomesal.com\/es\/faqs\/","og_site_name":"Atkinson Homes","article_modified_time":"2024-12-27T21:05:58+00:00","twitter_misc":{"Tiempo de lectura":"1 minuto"},"schema":{"@context":"https:\/\/schema.org","@graph":[{"@type":"WebPage","@id":"https:\/\/www.atkinsonhomesal.com\/faqs\/","url":"https:\/\/www.atkinsonhomesal.com\/faqs\/","name":"Preguntas frecuentes | Atkinson Homes","isPartOf":{"@id":"https:\/\/www.atkinsonhomesal.com\/#website"},"datePublished":"2024-12-27T20:57:44+00:00","dateModified":"2024-12-27T21:05:58+00:00","description":"Visite nuestra p\u00e1gina de preguntas frecuentes para obtener m\u00e1s informaci\u00f3n sobre Atkinson Homes.","breadcrumb":{"@id":"https:\/\/www.atkinsonhomesal.com\/faqs\/#breadcrumb"},"inLanguage":"es","potentialAction":[{"@type":"ReadAction","target":["https:\/\/www.atkinsonhomesal.com\/faqs\/"]}]},{"@type":"BreadcrumbList","@id":"https:\/\/www.atkinsonhomesal.com\/faqs\/#breadcrumb","itemListElement":[{"@type":"ListItem","position":1,"name":"Home","item":"https:\/\/www.atkinsonhomesal.com\/"},{"@type":"ListItem","position":2,"name":"FAQs"}]},{"@type":"WebSite","@id":"https:\/\/www.atkinsonhomesal.com\/#website","url":"https:\/\/www.atkinsonhomesal.com\/","name":"Casas en Atkinson","description":"Te van a encantar nuestras casas","publisher":{"@id":"https:\/\/www.atkinsonhomesal.com\/#organization"},"potentialAction":[{"@type":"SearchAction","target":{"@type":"EntryPoint","urlTemplate":"https:\/\/www.atkinsonhomesal.com\/?s={search_term_string}"},"query-input":{"@type":"PropertyValueSpecification","valueRequired":true,"valueName":"search_term_string"}}],"inLanguage":"es"},{"@type":"Organization","@id":"https:\/\/www.atkinsonhomesal.com\/#organization","name":"Casas en Atkinson","url":"https:\/\/www.atkinsonhomesal.com\/","logo":{"@type":"ImageObject","inLanguage":"es","@id":"https:\/\/www.atkinsonhomesal.com\/#\/schema\/logo\/image\/","url":"https:\/\/www.atkinsonhomesal.com\/wp-content\/uploads\/2022\/08\/cropped-atkinson-homes-page-logo.jpg","contentUrl":"https:\/\/www.atkinsonhomesal.com\/wp-content\/uploads\/2022\/08\/cropped-atkinson-homes-page-logo.jpg","width":512,"height":512,"caption":"Atkinson Homes"},"image":{"@id":"https:\/\/www.atkinsonhomesal.com\/#\/schema\/logo\/image\/"}}]}},"_links":{"self":[{"href":"https:\/\/www.atkinsonhomesal.com\/es\/wp-json\/wp\/v2\/pages\/4745","targetHints":{"allow":["GET"]}}],"collection":[{"href":"https:\/\/www.atkinsonhomesal.com\/es\/wp-json\/wp\/v2\/pages"}],"about":[{"href":"https:\/\/www.atkinsonhomesal.com\/es\/wp-json\/wp\/v2\/types\/page"}],"author":[{"embeddable":true,"href":"https:\/\/www.atkinsonhomesal.com\/es\/wp-json\/wp\/v2\/users\/3"}],"replies":[{"embeddable":true,"href":"https:\/\/www.atkinsonhomesal.com\/es\/wp-json\/wp\/v2\/comments?post=4745"}],"version-history":[{"count":4,"href":"https:\/\/www.atkinsonhomesal.com\/es\/wp-json\/wp\/v2\/pages\/4745\/revisions"}],"predecessor-version":[{"id":4749,"href":"https:\/\/www.atkinsonhomesal.com\/es\/wp-json\/wp\/v2\/pages\/4745\/revisions\/4749"}],"wp:attachment":[{"href":"https:\/\/www.atkinsonhomesal.com\/es\/wp-json\/wp\/v2\/media?parent=4745"}],"curies":[{"name":"gracias","href":"https:\/\/api.w.org\/{rel}","templated":true}]}}