{"id":4136,"date":"2023-03-22T18:06:07","date_gmt":"2023-03-22T23:06:07","guid":{"rendered":"https:\/\/www.atkinsonhomesal.com\/?page_id=4136"},"modified":"2023-03-22T18:37:33","modified_gmt":"2023-03-22T23:37:33","slug":"trade-ins","status":"publish","type":"page","link":"https:\/\/www.atkinsonhomesal.com\/es\/trade-ins\/","title":{"rendered":"Intercambios"},"content":{"rendered":"<div data-elementor-type=\"wp-page\" data-elementor-id=\"4136\" class=\"elementor elementor-4136\" data-elementor-post-type=\"page\">\n\t\t\t\t\t\t<section class=\"elementor-section elementor-top-section elementor-element elementor-element-418fb89 elementor-section-boxed elementor-section-height-default elementor-section-height-default\" data-id=\"418fb89\" data-element_type=\"section\" data-e-type=\"section\">\n\t\t\t\t\t\t<div class=\"elementor-container elementor-column-gap-default\">\n\t\t\t\t\t<div class=\"elementor-column elementor-col-50 elementor-top-column elementor-element elementor-element-a7678cb\" data-id=\"a7678cb\" data-element_type=\"column\" data-e-type=\"column\" data-settings=\"{&quot;background_background&quot;:&quot;classic&quot;}\">\n\t\t\t<div class=\"elementor-widget-wrap elementor-element-populated\">\n\t\t\t\t\t\t<div class=\"elementor-element elementor-element-a01b462 elementor-widget elementor-widget-spacer\" data-id=\"a01b462\" data-element_type=\"widget\" data-e-type=\"widget\" data-widget_type=\"spacer.default\">\n\t\t\t\t<div class=\"elementor-widget-container\">\n\t\t\t\t\t\t\t<div class=\"elementor-spacer\">\n\t\t\t<div class=\"elementor-spacer-inner\"><\/div>\n\t\t<\/div>\n\t\t\t\t\t\t<\/div>\n\t\t\t\t<\/div>\n\t\t\t\t<div class=\"elementor-element elementor-element-1c4e6af elementor-widget elementor-widget-heading\" data-id=\"1c4e6af\" data-element_type=\"widget\" data-e-type=\"widget\" data-widget_type=\"heading.default\">\n\t\t\t\t<div class=\"elementor-widget-container\">\n\t\t\t\t\t<h2 class=\"elementor-heading-title elementor-size-default\">Fuera lo viejo y dentro lo nuevo<\/h2>\t\t\t\t<\/div>\n\t\t\t\t<\/div>\n\t\t\t\t<div class=\"elementor-element elementor-element-5702f1b elementor-widget-divider--view-line elementor-widget elementor-widget-divider\" data-id=\"5702f1b\" data-element_type=\"widget\" data-e-type=\"widget\" data-widget_type=\"divider.default\">\n\t\t\t\t<div class=\"elementor-widget-container\">\n\t\t\t\t\t\t\t<div class=\"elementor-divider\">\n\t\t\t<span class=\"elementor-divider-separator\">\n\t\t\t\t\t\t<\/span>\n\t\t<\/div>\n\t\t\t\t\t\t<\/div>\n\t\t\t\t<\/div>\n\t\t\t\t<div class=\"elementor-element elementor-element-c0cf960 elementor-widget elementor-widget-text-editor\" data-id=\"c0cf960\" data-element_type=\"widget\" data-e-type=\"widget\" data-widget_type=\"text-editor.default\">\n\t\t\t\t<div class=\"elementor-widget-container\">\n\t\t\t\t\t\t\t\t\t<p style=\"text-align: center;\">Canjee y cambie a una nueva casa de lujo de Atkinson<\/p>\t\t\t\t\t\t\t\t<\/div>\n\t\t\t\t<\/div>\n\t\t\t\t<div class=\"elementor-element elementor-element-1ee874f elementor-widget elementor-widget-image\" data-id=\"1ee874f\" data-element_type=\"widget\" data-e-type=\"widget\" data-widget_type=\"image.default\">\n\t\t\t\t<div class=\"elementor-widget-container\">\n\t\t\t\t\t\t\t\t\t\t\t\t\t\t\t<img fetchpriority=\"high\" decoding=\"async\" width=\"453\" height=\"650\" src=\"https:\/\/www.atkinsonhomesal.com\/wp-content\/uploads\/2023\/03\/manufactured-mobile-home-trade-in-value-alabama.jpg\" class=\"attachment-large size-large wp-image-4140\" alt=\"\" srcset=\"https:\/\/www.atkinsonhomesal.com\/wp-content\/uploads\/2023\/03\/manufactured-mobile-home-trade-in-value-alabama-200x287.jpg 200w, https:\/\/www.atkinsonhomesal.com\/wp-content\/uploads\/2023\/03\/manufactured-mobile-home-trade-in-value-alabama-209x300.jpg 209w, https:\/\/www.atkinsonhomesal.com\/wp-content\/uploads\/2023\/03\/manufactured-mobile-home-trade-in-value-alabama-400x574.jpg 400w, https:\/\/www.atkinsonhomesal.com\/wp-content\/uploads\/2023\/03\/manufactured-mobile-home-trade-in-value-alabama.jpg 453w\" sizes=\"(max-width: 453px) 100vw, 453px\" \/>\t\t\t\t\t\t\t\t\t\t\t\t\t\t\t<\/div>\n\t\t\t\t<\/div>\n\t\t\t\t\t<\/div>\n\t\t<\/div>\n\t\t\t\t<div class=\"elementor-column elementor-col-50 elementor-top-column elementor-element elementor-element-ed1d4f2\" data-id=\"ed1d4f2\" data-element_type=\"column\" data-e-type=\"column\">\n\t\t\t<div class=\"elementor-widget-wrap elementor-element-populated\">\n\t\t\t\t\t\t<div class=\"elementor-element elementor-element-6aa3c48 elementor-widget elementor-widget-spacer\" data-id=\"6aa3c48\" data-element_type=\"widget\" data-e-type=\"widget\" data-widget_type=\"spacer.default\">\n\t\t\t\t<div class=\"elementor-widget-container\">\n\t\t\t\t\t\t\t<div class=\"elementor-spacer\">\n\t\t\t<div class=\"elementor-spacer-inner\"><\/div>\n\t\t<\/div>\n\t\t\t\t\t\t<\/div>\n\t\t\t\t<\/div>\n\t\t\t\t<div class=\"elementor-element elementor-element-c159a2e elementor-widget elementor-widget-heading\" data-id=\"c159a2e\" data-element_type=\"widget\" data-e-type=\"widget\" data-widget_type=\"heading.default\">\n\t\t\t\t<div class=\"elementor-widget-container\">\n\t\t\t\t\t<h2 class=\"elementor-heading-title elementor-size-default\">\u00a1Comienza tu evaluaci\u00f3n de comercio libre ahora!<\/h2>\t\t\t\t<\/div>\n\t\t\t\t<\/div>\n\t\t\t\t<div class=\"elementor-element elementor-element-321c63c elementor-widget elementor-widget-text-editor\" data-id=\"321c63c\" data-element_type=\"widget\" data-e-type=\"widget\" data-widget_type=\"text-editor.default\">\n\t\t\t\t<div class=\"elementor-widget-container\">\n\t\t\t\t\t\t\t\t\t<div class=\"form-headline\"><p style=\"text-align: center;\">Complete este formulario para recibir m\u00e1s informaci\u00f3n.<\/p><\/div>\t\t\t\t\t\t\t\t<\/div>\n\t\t\t\t<\/div>\n\t\t\t\t<div class=\"elementor-element elementor-element-a3eeda3 elementor-widget elementor-widget-shortcode\" data-id=\"a3eeda3\" data-element_type=\"widget\" data-e-type=\"widget\" data-widget_type=\"shortcode.default\">\n\t\t\t\t<div class=\"elementor-widget-container\">\n\t\t\t\t\t\t\t<div class=\"elementor-shortcode\">\n<div class=\"wpcf7 no-js\" id=\"wpcf7-f4138-o1\" lang=\"en-US\" dir=\"ltr\" data-wpcf7-id=\"4138\">\n<div class=\"screen-reader-response\"><p role=\"status\" aria-live=\"polite\" aria-atomic=\"true\"><\/p> <ul><\/ul><\/div>\n<form action=\"\/es\/wp-json\/wp\/v2\/pages\/4136#wpcf7-f4138-o1\" method=\"post\" class=\"wpcf7-form init\" aria-label=\"Formulario de contacto\" novalidate=\"novalidate\" data-status=\"init\" data-trp-original-action=\"\/es\/wp-json\/wp\/v2\/pages\/4136#wpcf7-f4138-o1\">\n<fieldset class=\"hidden-fields-container\"><input type=\"hidden\" name=\"_wpcf7\" value=\"4138\" \/><input type=\"hidden\" name=\"_wpcf7_version\" value=\"6.1.5\" \/><input type=\"hidden\" name=\"_wpcf7_locale\" value=\"en_US\" \/><input type=\"hidden\" name=\"_wpcf7_unit_tag\" value=\"wpcf7-f4138-o1\" \/><input type=\"hidden\" name=\"_wpcf7_container_post\" value=\"0\" \/><input type=\"hidden\" name=\"_wpcf7_posted_data_hash\" value=\"\" \/>\n<\/fieldset>\n<p>Tu nombre (requerido)\n<\/p>\n<p><span class=\"wpcf7-form-control-wrap\" data-name=\"your-name\"><input size=\"40\" maxlength=\"400\" class=\"wpcf7-form-control wpcf7-text wpcf7-validates-as-required\" aria-required=\"true\" aria-invalid=\"false\" value=\"\" type=\"text\" name=\"your-name\" \/><\/span>\n<\/p>\n<p>Tu Email (requerido)\n<\/p>\n<p><span class=\"wpcf7-form-control-wrap\" data-name=\"email-336\"><input size=\"40\" maxlength=\"400\" class=\"wpcf7-form-control wpcf7-email wpcf7-validates-as-required wpcf7-text wpcf7-validates-as-email\" aria-required=\"true\" aria-invalid=\"false\" value=\"\" type=\"email\" name=\"email-336\" \/><\/span>\n<\/p>\n<p>Tu tel\u00e9fono (requerido)\n<\/p>\n<p><span class=\"wpcf7-form-control-wrap\" data-name=\"tel-150\"><input size=\"40\" maxlength=\"400\" class=\"wpcf7-form-control wpcf7-tel wpcf7-text wpcf7-validates-as-tel\" aria-invalid=\"false\" value=\"\" type=\"tel\" name=\"tel-150\" \/><\/span>\n<\/p>\n<p>Su c\u00f3digo postal (requerido)\n<\/p>\n<p><span class=\"wpcf7-form-control-wrap\" data-name=\"text-828\"><input size=\"40\" maxlength=\"400\" class=\"wpcf7-form-control wpcf7-text\" aria-invalid=\"false\" value=\"\" type=\"text\" name=\"text-828\" \/><\/span>\n<\/p>\n<p><input class=\"wpcf7-form-control wpcf7-submit has-spinner\" type=\"submit\" value=\"Enviar\" \/>\n<\/p><p style=\"display: none !important;\" class=\"akismet-fields-container\" data-prefix=\"_wpcf7_ak_\"><label>\u0394<textarea name=\"_wpcf7_ak_hp_textarea\" cols=\"45\" rows=\"8\" maxlength=\"100\"><\/textarea><\/label><input type=\"hidden\" id=\"ak_js_1\" name=\"_wpcf7_ak_js\" value=\"192\"\/><script>document.getElementById( \"ak_js_1\" ).setAttribute( \"value\", ( new Date() ).getTime() );<\/script><\/p><div class=\"fusion-alert alert custom alert-custom fusion-alert-center wpcf7-response-output awb-alert-native-link-color alert-dismissable awb-alert-close-boxed\" style=\"--awb-border-size:1px;--awb-border-top-left-radius:0px;--awb-border-top-right-radius:0px;--awb-border-bottom-left-radius:0px;--awb-border-bottom-right-radius:0px;\" role=\"alert\"><div class=\"fusion-alert-content-wrapper\"><span class=\"fusion-alert-content\"><\/span><\/div><button type=\"button\" class=\"close toggle-alert\" data-dismiss=\"alert\" aria-label=\"Cerca\">\u00d7<\/button><\/div>\n<input type=\"hidden\" name=\"trp-form-language\" value=\"es\"\/><\/form>\n<\/div>\n<\/div>\n\t\t\t\t\t\t<\/div>\n\t\t\t\t<\/div>\n\t\t\t\t<div class=\"elementor-element elementor-element-e05e5c5 elementor-widget elementor-widget-text-editor\" data-id=\"e05e5c5\" data-element_type=\"widget\" data-e-type=\"widget\" data-widget_type=\"text-editor.default\">\n\t\t\t\t<div class=\"elementor-widget-container\">\n\t\t\t\t\t\t\t\t\t<p style=\"text-align: center;\">Al enviar mi informaci\u00f3n, acepto que Atkinson Homes pueda comunicarse conmigo por tel\u00e9fono y correo electr\u00f3nico con respecto a los productos y servicios de Atkinson Homes.\u00a0<\/p>\t\t\t\t\t\t\t\t<\/div>\n\t\t\t\t<\/div>\n\t\t\t\t\t<\/div>\n\t\t<\/div>\n\t\t\t\t\t<\/div>\n\t\t<\/section>\n\t\t\t\t<section class=\"elementor-section elementor-top-section elementor-element elementor-element-f6b8cbf elementor-section-boxed elementor-section-height-default elementor-section-height-default\" data-id=\"f6b8cbf\" data-element_type=\"section\" data-e-type=\"section\">\n\t\t\t\t\t\t<div class=\"elementor-container elementor-column-gap-default\">\n\t\t\t\t\t<div class=\"elementor-column elementor-col-100 elementor-top-column elementor-element elementor-element-46490c7\" data-id=\"46490c7\" data-element_type=\"column\" data-e-type=\"column\" data-settings=\"{&quot;background_background&quot;:&quot;classic&quot;}\">\n\t\t\t<div class=\"elementor-widget-wrap elementor-element-populated\">\n\t\t\t\t\t\t<div class=\"elementor-element elementor-element-41792bb elementor-widget elementor-widget-spacer\" data-id=\"41792bb\" data-element_type=\"widget\" data-e-type=\"widget\" data-widget_type=\"spacer.default\">\n\t\t\t\t<div class=\"elementor-widget-container\">\n\t\t\t\t\t\t\t<div class=\"elementor-spacer\">\n\t\t\t<div class=\"elementor-spacer-inner\"><\/div>\n\t\t<\/div>\n\t\t\t\t\t\t<\/div>\n\t\t\t\t<\/div>\n\t\t\t\t<div class=\"elementor-element elementor-element-9e03cce elementor-widget elementor-widget-heading\" data-id=\"9e03cce\" data-element_type=\"widget\" data-e-type=\"widget\" data-widget_type=\"heading.default\">\n\t\t\t\t<div class=\"elementor-widget-container\">\n\t\t\t\t\t<h2 class=\"elementor-heading-title elementor-size-default\">Cambia a tu nuevo hogar.<\/h2>\t\t\t\t<\/div>\n\t\t\t\t<\/div>\n\t\t\t\t<div class=\"elementor-element elementor-element-c429863 elementor-widget elementor-widget-text-editor\" data-id=\"c429863\" data-element_type=\"widget\" data-e-type=\"widget\" data-widget_type=\"text-editor.default\">\n\t\t\t\t<div class=\"elementor-widget-container\">\n\t\t\t\t\t\t\t\t\t<p>\u00bfEs tiempo de un cambio? Tal vez est\u00e9 buscando m\u00e1s espacio en una casa con caracter\u00edsticas modernas y de bajo consumo. O tal vez est\u00e9 planeando mudarse a una nueva ubicaci\u00f3n. Cualesquiera que sean sus necesidades, Atkinson Homes en el centro de Alabama lo hace f\u00e1cil con la opci\u00f3n de intercambiar su casa prefabricada actual.<\/p>\t\t\t\t\t\t\t\t<\/div>\n\t\t\t\t<\/div>\n\t\t\t\t<div class=\"elementor-element elementor-element-575b414 elementor-widget elementor-widget-spacer\" data-id=\"575b414\" data-element_type=\"widget\" data-e-type=\"widget\" data-widget_type=\"spacer.default\">\n\t\t\t\t<div class=\"elementor-widget-container\">\n\t\t\t\t\t\t\t<div class=\"elementor-spacer\">\n\t\t\t<div class=\"elementor-spacer-inner\"><\/div>\n\t\t<\/div>\n\t\t\t\t\t\t<\/div>\n\t\t\t\t<\/div>\n\t\t\t\t\t<\/div>\n\t\t<\/div>\n\t\t\t\t\t<\/div>\n\t\t<\/section>\n\t\t\t\t<section class=\"elementor-section elementor-top-section elementor-element elementor-element-d1e3521 elementor-section-boxed elementor-section-height-default elementor-section-height-default\" data-id=\"d1e3521\" data-element_type=\"section\" data-e-type=\"section\">\n\t\t\t\t\t\t<div class=\"elementor-container elementor-column-gap-default\">\n\t\t\t\t\t<div class=\"elementor-column elementor-col-50 elementor-top-column elementor-element elementor-element-f3bd90a\" data-id=\"f3bd90a\" data-element_type=\"column\" data-e-type=\"column\">\n\t\t\t<div class=\"elementor-widget-wrap elementor-element-populated\">\n\t\t\t\t\t\t<div class=\"elementor-element elementor-element-18fe781 elementor-widget elementor-widget-spacer\" data-id=\"18fe781\" data-element_type=\"widget\" data-e-type=\"widget\" data-widget_type=\"spacer.default\">\n\t\t\t\t<div class=\"elementor-widget-container\">\n\t\t\t\t\t\t\t<div class=\"elementor-spacer\">\n\t\t\t<div class=\"elementor-spacer-inner\"><\/div>\n\t\t<\/div>\n\t\t\t\t\t\t<\/div>\n\t\t\t\t<\/div>\n\t\t\t\t<div class=\"elementor-element elementor-element-86d927f elementor-widget elementor-widget-heading\" data-id=\"86d927f\" data-element_type=\"widget\" data-e-type=\"widget\" data-widget_type=\"heading.default\">\n\t\t\t\t<div class=\"elementor-widget-container\">\n\t\t\t\t\t<h2 class=\"elementor-heading-title elementor-size-default\">Beneficios de intercambiar su casa prefabricada cuando compra una casa nueva de Atkinson<\/h2>\t\t\t\t<\/div>\n\t\t\t\t<\/div>\n\t\t\t\t<div class=\"elementor-element elementor-element-de77cb6 elementor-widget elementor-widget-text-editor\" data-id=\"de77cb6\" data-element_type=\"widget\" data-e-type=\"widget\" data-widget_type=\"text-editor.default\">\n\t\t\t\t<div class=\"elementor-widget-container\">\n\t\t\t\t\t\t\t\t\t<ul class=\"promo-benefits-list\"><li>Una evaluaci\u00f3n de intercambio gratuita de uno de nuestros especialistas en casas prefabricadas<\/li><li>Es posible que no tenga que preocuparse por qu\u00e9 hacer con su antiguo hogar<\/li><li>El valor de intercambio puede destinarse a su dep\u00f3sito en su nuevo hogar<\/li><li>Potencial para obtener ahorros durante todo el a\u00f1o y una vida de comodidad en un nuevo hogar con eficiencia energ\u00e9tica<\/li><\/ul>\t\t\t\t\t\t\t\t<\/div>\n\t\t\t\t<\/div>\n\t\t\t\t\t<\/div>\n\t\t<\/div>\n\t\t\t\t<div class=\"elementor-column elementor-col-50 elementor-top-column elementor-element elementor-element-0117dd4\" data-id=\"0117dd4\" data-element_type=\"column\" data-e-type=\"column\">\n\t\t\t<div class=\"elementor-widget-wrap elementor-element-populated\">\n\t\t\t\t\t\t<div class=\"elementor-element elementor-element-aa26bb1 elementor-widget elementor-widget-spacer\" data-id=\"aa26bb1\" data-element_type=\"widget\" data-e-type=\"widget\" data-widget_type=\"spacer.default\">\n\t\t\t\t<div class=\"elementor-widget-container\">\n\t\t\t\t\t\t\t<div class=\"elementor-spacer\">\n\t\t\t<div class=\"elementor-spacer-inner\"><\/div>\n\t\t<\/div>\n\t\t\t\t\t\t<\/div>\n\t\t\t\t<\/div>\n\t\t\t\t<div class=\"elementor-element elementor-element-88de050 elementor-widget elementor-widget-image\" data-id=\"88de050\" data-element_type=\"widget\" data-e-type=\"widget\" data-widget_type=\"image.default\">\n\t\t\t\t<div class=\"elementor-widget-container\">\n\t\t\t\t\t\t\t\t\t\t\t\t\t\t\t<img decoding=\"async\" width=\"500\" height=\"490\" src=\"https:\/\/www.atkinsonhomesal.com\/wp-content\/uploads\/2023\/03\/atkinson-homes-trade-in-manufactured-mobile-home-alabama.jpg\" class=\"attachment-large size-large wp-image-4159\" alt=\"\" srcset=\"https:\/\/www.atkinsonhomesal.com\/wp-content\/uploads\/2023\/03\/atkinson-homes-trade-in-manufactured-mobile-home-alabama-66x66.jpg 66w, https:\/\/www.atkinsonhomesal.com\/wp-content\/uploads\/2023\/03\/atkinson-homes-trade-in-manufactured-mobile-home-alabama-200x196.jpg 200w, https:\/\/www.atkinsonhomesal.com\/wp-content\/uploads\/2023\/03\/atkinson-homes-trade-in-manufactured-mobile-home-alabama-300x294.jpg 300w, https:\/\/www.atkinsonhomesal.com\/wp-content\/uploads\/2023\/03\/atkinson-homes-trade-in-manufactured-mobile-home-alabama-400x392.jpg 400w, https:\/\/www.atkinsonhomesal.com\/wp-content\/uploads\/2023\/03\/atkinson-homes-trade-in-manufactured-mobile-home-alabama.jpg 500w\" sizes=\"(max-width: 500px) 100vw, 500px\" \/>\t\t\t\t\t\t\t\t\t\t\t\t\t\t\t<\/div>\n\t\t\t\t<\/div>\n\t\t\t\t<div class=\"elementor-element elementor-element-0c29fc0 elementor-widget elementor-widget-spacer\" data-id=\"0c29fc0\" data-element_type=\"widget\" data-e-type=\"widget\" data-widget_type=\"spacer.default\">\n\t\t\t\t<div class=\"elementor-widget-container\">\n\t\t\t\t\t\t\t<div class=\"elementor-spacer\">\n\t\t\t<div class=\"elementor-spacer-inner\"><\/div>\n\t\t<\/div>\n\t\t\t\t\t\t<\/div>\n\t\t\t\t<\/div>\n\t\t\t\t\t<\/div>\n\t\t<\/div>\n\t\t\t\t\t<\/div>\n\t\t<\/section>\n\t\t\t\t<\/div>","protected":false},"excerpt":{"rendered":"<p>Out with the old and in with the new Trade  [&#8230;]<\/p>\n","protected":false},"author":1,"featured_media":0,"parent":0,"menu_order":0,"comment_status":"closed","ping_status":"closed","template":"elementor_header_footer","meta":{"_monsterinsights_skip_tracking":false,"_monsterinsights_sitenote_active":false,"_monsterinsights_sitenote_note":"","_monsterinsights_sitenote_category":0,"footnotes":""},"class_list":["post-4136","page","type-page","status-publish","hentry"],"yoast_head":"<!-- This site is optimized with the Yoast SEO plugin v27.4 - https:\/\/yoast.com\/product\/yoast-seo-wordpress\/ -->\n<title>Trade Ins - Atkinson Homes<\/title>\n<meta name=\"robots\" content=\"index, follow, max-snippet:-1, max-image-preview:large, max-video-preview:-1\" \/>\n<link rel=\"canonical\" href=\"https:\/\/www.atkinsonhomesal.com\/es\/trade-ins\/\" \/>\n<meta property=\"og:locale\" content=\"es_ES\" \/>\n<meta property=\"og:type\" content=\"article\" \/>\n<meta property=\"og:title\" content=\"Trade Ins - Atkinson Homes\" \/>\n<meta property=\"og:description\" content=\"Out with the old and in with the new Trade [...]\" \/>\n<meta property=\"og:url\" content=\"https:\/\/www.atkinsonhomesal.com\/es\/trade-ins\/\" \/>\n<meta property=\"og:site_name\" content=\"Atkinson Homes\" \/>\n<meta property=\"article:modified_time\" content=\"2023-03-22T23:37:33+00:00\" \/>\n<meta property=\"og:image\" content=\"http:\/\/www.atkinsonhomesal.com\/wp-content\/uploads\/2023\/03\/manufactured-mobile-home-trade-in-value-alabama.jpg\" \/>\n<meta name=\"twitter:label1\" content=\"Tiempo de lectura\" \/>\n\t<meta name=\"twitter:data1\" content=\"2 minutos\" \/>\n<script type=\"application\/ld+json\" class=\"yoast-schema-graph\">{\"@context\":\"https:\\\/\\\/schema.org\",\"@graph\":[{\"@type\":\"WebPage\",\"@id\":\"https:\\\/\\\/www.atkinsonhomesal.com\\\/trade-ins\\\/\",\"url\":\"https:\\\/\\\/www.atkinsonhomesal.com\\\/trade-ins\\\/\",\"name\":\"Trade Ins - Atkinson Homes\",\"isPartOf\":{\"@id\":\"https:\\\/\\\/www.atkinsonhomesal.com\\\/#website\"},\"primaryImageOfPage\":{\"@id\":\"https:\\\/\\\/www.atkinsonhomesal.com\\\/trade-ins\\\/#primaryimage\"},\"image\":{\"@id\":\"https:\\\/\\\/www.atkinsonhomesal.com\\\/trade-ins\\\/#primaryimage\"},\"thumbnailUrl\":\"https:\\\/\\\/www.atkinsonhomesal.com\\\/wp-content\\\/uploads\\\/2023\\\/03\\\/manufactured-mobile-home-trade-in-value-alabama.jpg\",\"datePublished\":\"2023-03-22T23:06:07+00:00\",\"dateModified\":\"2023-03-22T23:37:33+00:00\",\"breadcrumb\":{\"@id\":\"https:\\\/\\\/www.atkinsonhomesal.com\\\/trade-ins\\\/#breadcrumb\"},\"inLanguage\":\"es\",\"potentialAction\":[{\"@type\":\"ReadAction\",\"target\":[\"https:\\\/\\\/www.atkinsonhomesal.com\\\/trade-ins\\\/\"]}]},{\"@type\":\"ImageObject\",\"inLanguage\":\"es\",\"@id\":\"https:\\\/\\\/www.atkinsonhomesal.com\\\/trade-ins\\\/#primaryimage\",\"url\":\"https:\\\/\\\/www.atkinsonhomesal.com\\\/wp-content\\\/uploads\\\/2023\\\/03\\\/manufactured-mobile-home-trade-in-value-alabama.jpg\",\"contentUrl\":\"https:\\\/\\\/www.atkinsonhomesal.com\\\/wp-content\\\/uploads\\\/2023\\\/03\\\/manufactured-mobile-home-trade-in-value-alabama.jpg\"},{\"@type\":\"BreadcrumbList\",\"@id\":\"https:\\\/\\\/www.atkinsonhomesal.com\\\/trade-ins\\\/#breadcrumb\",\"itemListElement\":[{\"@type\":\"ListItem\",\"position\":1,\"name\":\"Home\",\"item\":\"https:\\\/\\\/www.atkinsonhomesal.com\\\/\"},{\"@type\":\"ListItem\",\"position\":2,\"name\":\"Trade Ins\"}]},{\"@type\":\"WebSite\",\"@id\":\"https:\\\/\\\/www.atkinsonhomesal.com\\\/#website\",\"url\":\"https:\\\/\\\/www.atkinsonhomesal.com\\\/\",\"name\":\"Atkinson Homes\",\"description\":\"You are going to love our homes\",\"publisher\":{\"@id\":\"https:\\\/\\\/www.atkinsonhomesal.com\\\/#organization\"},\"potentialAction\":[{\"@type\":\"SearchAction\",\"target\":{\"@type\":\"EntryPoint\",\"urlTemplate\":\"https:\\\/\\\/www.atkinsonhomesal.com\\\/?s={search_term_string}\"},\"query-input\":{\"@type\":\"PropertyValueSpecification\",\"valueRequired\":true,\"valueName\":\"search_term_string\"}}],\"inLanguage\":\"es\"},{\"@type\":\"Organization\",\"@id\":\"https:\\\/\\\/www.atkinsonhomesal.com\\\/#organization\",\"name\":\"Atkinson Homes\",\"url\":\"https:\\\/\\\/www.atkinsonhomesal.com\\\/\",\"logo\":{\"@type\":\"ImageObject\",\"inLanguage\":\"es\",\"@id\":\"https:\\\/\\\/www.atkinsonhomesal.com\\\/#\\\/schema\\\/logo\\\/image\\\/\",\"url\":\"https:\\\/\\\/www.atkinsonhomesal.com\\\/wp-content\\\/uploads\\\/2022\\\/08\\\/cropped-atkinson-homes-page-logo.jpg\",\"contentUrl\":\"https:\\\/\\\/www.atkinsonhomesal.com\\\/wp-content\\\/uploads\\\/2022\\\/08\\\/cropped-atkinson-homes-page-logo.jpg\",\"width\":512,\"height\":512,\"caption\":\"Atkinson Homes\"},\"image\":{\"@id\":\"https:\\\/\\\/www.atkinsonhomesal.com\\\/#\\\/schema\\\/logo\\\/image\\\/\"}}]}<\/script>\n<!-- \/ Yoast SEO plugin. -->","yoast_head_json":{"title":"Intercambios - Atkinson Homes","robots":{"index":"index","follow":"follow","max-snippet":"max-snippet:-1","max-image-preview":"max-image-preview:large","max-video-preview":"max-video-preview:-1"},"canonical":"https:\/\/www.atkinsonhomesal.com\/es\/trade-ins\/","og_locale":"es_ES","og_type":"article","og_title":"Trade Ins - Atkinson Homes","og_description":"Out with the old and in with the new Trade [...]","og_url":"https:\/\/www.atkinsonhomesal.com\/es\/trade-ins\/","og_site_name":"Atkinson Homes","article_modified_time":"2023-03-22T23:37:33+00:00","og_image":[{"url":"http:\/\/www.atkinsonhomesal.com\/wp-content\/uploads\/2023\/03\/manufactured-mobile-home-trade-in-value-alabama.jpg","type":"","width":"","height":""}],"twitter_misc":{"Tiempo de lectura":"2 minutos"},"schema":{"@context":"https:\/\/schema.org","@graph":[{"@type":"WebPage","@id":"https:\/\/www.atkinsonhomesal.com\/trade-ins\/","url":"https:\/\/www.atkinsonhomesal.com\/trade-ins\/","name":"Intercambios - Atkinson Homes","isPartOf":{"@id":"https:\/\/www.atkinsonhomesal.com\/#website"},"primaryImageOfPage":{"@id":"https:\/\/www.atkinsonhomesal.com\/trade-ins\/#primaryimage"},"image":{"@id":"https:\/\/www.atkinsonhomesal.com\/trade-ins\/#primaryimage"},"thumbnailUrl":"https:\/\/www.atkinsonhomesal.com\/wp-content\/uploads\/2023\/03\/manufactured-mobile-home-trade-in-value-alabama.jpg","datePublished":"2023-03-22T23:06:07+00:00","dateModified":"2023-03-22T23:37:33+00:00","breadcrumb":{"@id":"https:\/\/www.atkinsonhomesal.com\/trade-ins\/#breadcrumb"},"inLanguage":"es","potentialAction":[{"@type":"ReadAction","target":["https:\/\/www.atkinsonhomesal.com\/trade-ins\/"]}]},{"@type":"ImageObject","inLanguage":"es","@id":"https:\/\/www.atkinsonhomesal.com\/trade-ins\/#primaryimage","url":"https:\/\/www.atkinsonhomesal.com\/wp-content\/uploads\/2023\/03\/manufactured-mobile-home-trade-in-value-alabama.jpg","contentUrl":"https:\/\/www.atkinsonhomesal.com\/wp-content\/uploads\/2023\/03\/manufactured-mobile-home-trade-in-value-alabama.jpg"},{"@type":"BreadcrumbList","@id":"https:\/\/www.atkinsonhomesal.com\/trade-ins\/#breadcrumb","itemListElement":[{"@type":"ListItem","position":1,"name":"Home","item":"https:\/\/www.atkinsonhomesal.com\/"},{"@type":"ListItem","position":2,"name":"Trade Ins"}]},{"@type":"WebSite","@id":"https:\/\/www.atkinsonhomesal.com\/#website","url":"https:\/\/www.atkinsonhomesal.com\/","name":"Casas en Atkinson","description":"Te van a encantar nuestras casas","publisher":{"@id":"https:\/\/www.atkinsonhomesal.com\/#organization"},"potentialAction":[{"@type":"SearchAction","target":{"@type":"EntryPoint","urlTemplate":"https:\/\/www.atkinsonhomesal.com\/?s={search_term_string}"},"query-input":{"@type":"PropertyValueSpecification","valueRequired":true,"valueName":"search_term_string"}}],"inLanguage":"es"},{"@type":"Organization","@id":"https:\/\/www.atkinsonhomesal.com\/#organization","name":"Casas en Atkinson","url":"https:\/\/www.atkinsonhomesal.com\/","logo":{"@type":"ImageObject","inLanguage":"es","@id":"https:\/\/www.atkinsonhomesal.com\/#\/schema\/logo\/image\/","url":"https:\/\/www.atkinsonhomesal.com\/wp-content\/uploads\/2022\/08\/cropped-atkinson-homes-page-logo.jpg","contentUrl":"https:\/\/www.atkinsonhomesal.com\/wp-content\/uploads\/2022\/08\/cropped-atkinson-homes-page-logo.jpg","width":512,"height":512,"caption":"Atkinson Homes"},"image":{"@id":"https:\/\/www.atkinsonhomesal.com\/#\/schema\/logo\/image\/"}}]}},"_links":{"self":[{"href":"https:\/\/www.atkinsonhomesal.com\/es\/wp-json\/wp\/v2\/pages\/4136","targetHints":{"allow":["GET"]}}],"collection":[{"href":"https:\/\/www.atkinsonhomesal.com\/es\/wp-json\/wp\/v2\/pages"}],"about":[{"href":"https:\/\/www.atkinsonhomesal.com\/es\/wp-json\/wp\/v2\/types\/page"}],"author":[{"embeddable":true,"href":"https:\/\/www.atkinsonhomesal.com\/es\/wp-json\/wp\/v2\/users\/1"}],"replies":[{"embeddable":true,"href":"https:\/\/www.atkinsonhomesal.com\/es\/wp-json\/wp\/v2\/comments?post=4136"}],"version-history":[{"count":5,"href":"https:\/\/www.atkinsonhomesal.com\/es\/wp-json\/wp\/v2\/pages\/4136\/revisions"}],"predecessor-version":[{"id":4172,"href":"https:\/\/www.atkinsonhomesal.com\/es\/wp-json\/wp\/v2\/pages\/4136\/revisions\/4172"}],"wp:attachment":[{"href":"https:\/\/www.atkinsonhomesal.com\/es\/wp-json\/wp\/v2\/media?parent=4136"}],"curies":[{"name":"gracias","href":"https:\/\/api.w.org\/{rel}","templated":true}]}}