{"id":35,"date":"2014-09-17T13:22:03","date_gmt":"2014-09-17T18:22:03","guid":{"rendered":"http:\/\/www.atkinsonhomesal.com\/?page_id=35"},"modified":"2023-02-07T14:35:56","modified_gmt":"2023-02-07T20:35:56","slug":"credit-application","status":"publish","type":"page","link":"https:\/\/www.atkinsonhomesal.com\/es\/credit-application\/","title":{"rendered":"Solicitud de cr\u00e9dito"},"content":{"rendered":"<div data-elementor-type=\"wp-page\" data-elementor-id=\"35\" class=\"elementor elementor-35\" data-elementor-post-type=\"page\">\n\t\t\t\t\t\t<section class=\"elementor-section elementor-top-section elementor-element elementor-element-c202d06 elementor-section-full_width elementor-section-content-top elementor-section-height-default elementor-section-height-default\" data-id=\"c202d06\" data-element_type=\"section\" data-e-type=\"section\">\n\t\t\t\t\t\t<div class=\"elementor-container elementor-column-gap-no\">\n\t\t\t\t\t<div class=\"elementor-column elementor-col-100 elementor-top-column elementor-element elementor-element-2cf5789\" data-id=\"2cf5789\" data-element_type=\"column\" data-e-type=\"column\">\n\t\t\t<div class=\"elementor-widget-wrap elementor-element-populated\">\n\t\t\t\t\t\t<div class=\"elementor-element elementor-element-c0322e5 elementor-widget elementor-widget-image\" data-id=\"c0322e5\" data-element_type=\"widget\" data-e-type=\"widget\" data-widget_type=\"image.default\">\n\t\t\t\t<div class=\"elementor-widget-container\">\n\t\t\t\t\t\t\t\t\t\t\t\t\t\t\t<img fetchpriority=\"high\" decoding=\"async\" width=\"1024\" height=\"358\" src=\"https:\/\/www.atkinsonhomesal.com\/wp-content\/uploads\/2022\/09\/pre-approved-loan-credit-manufactured-home-alabama-1024x358.jpg\" class=\"attachment-large size-large wp-image-3609\" alt=\"\" srcset=\"https:\/\/www.atkinsonhomesal.com\/wp-content\/uploads\/2022\/09\/pre-approved-loan-credit-manufactured-home-alabama-200x70.jpg 200w, https:\/\/www.atkinsonhomesal.com\/wp-content\/uploads\/2022\/09\/pre-approved-loan-credit-manufactured-home-alabama-300x105.jpg 300w, https:\/\/www.atkinsonhomesal.com\/wp-content\/uploads\/2022\/09\/pre-approved-loan-credit-manufactured-home-alabama-400x140.jpg 400w, https:\/\/www.atkinsonhomesal.com\/wp-content\/uploads\/2022\/09\/pre-approved-loan-credit-manufactured-home-alabama-600x210.jpg 600w, https:\/\/www.atkinsonhomesal.com\/wp-content\/uploads\/2022\/09\/pre-approved-loan-credit-manufactured-home-alabama-768x269.jpg 768w, https:\/\/www.atkinsonhomesal.com\/wp-content\/uploads\/2022\/09\/pre-approved-loan-credit-manufactured-home-alabama-800x280.jpg 800w, https:\/\/www.atkinsonhomesal.com\/wp-content\/uploads\/2022\/09\/pre-approved-loan-credit-manufactured-home-alabama-1024x358.jpg 1024w, https:\/\/www.atkinsonhomesal.com\/wp-content\/uploads\/2022\/09\/pre-approved-loan-credit-manufactured-home-alabama-1060x371.jpg 1060w, https:\/\/www.atkinsonhomesal.com\/wp-content\/uploads\/2022\/09\/pre-approved-loan-credit-manufactured-home-alabama-1200x420.jpg 1200w, https:\/\/www.atkinsonhomesal.com\/wp-content\/uploads\/2022\/09\/pre-approved-loan-credit-manufactured-home-alabama-1536x537.jpg 1536w\" sizes=\"(max-width: 1024px) 100vw, 1024px\" \/>\t\t\t\t\t\t\t\t\t\t\t\t\t\t\t<\/div>\n\t\t\t\t<\/div>\n\t\t\t\t<div class=\"elementor-element elementor-element-65cf191 elementor-widget elementor-widget-heading\" data-id=\"65cf191\" data-element_type=\"widget\" data-e-type=\"widget\" data-widget_type=\"heading.default\">\n\t\t\t\t<div class=\"elementor-widget-container\">\n\t\t\t\t\t<h1 class=\"elementor-heading-title elementor-size-default\">Nuestra solicitud de cr\u00e9dito en l\u00ednea<\/h1>\t\t\t\t<\/div>\n\t\t\t\t<\/div>\n\t\t\t\t<div class=\"elementor-element elementor-element-c4b564c elementor-widget elementor-widget-spacer\" data-id=\"c4b564c\" data-element_type=\"widget\" data-e-type=\"widget\" data-widget_type=\"spacer.default\">\n\t\t\t\t<div class=\"elementor-widget-container\">\n\t\t\t\t\t\t\t<div class=\"elementor-spacer\">\n\t\t\t<div class=\"elementor-spacer-inner\"><\/div>\n\t\t<\/div>\n\t\t\t\t\t\t<\/div>\n\t\t\t\t<\/div>\n\t\t\t\t\t<\/div>\n\t\t<\/div>\n\t\t\t\t\t<\/div>\n\t\t<\/section>\n\t\t\t\t<section class=\"elementor-section elementor-top-section elementor-element elementor-element-6345999 elementor-section-boxed elementor-section-height-default elementor-section-height-default\" data-id=\"6345999\" data-element_type=\"section\" data-e-type=\"section\" data-settings=\"{&quot;background_background&quot;:&quot;classic&quot;}\">\n\t\t\t\t\t\t<div class=\"elementor-container elementor-column-gap-default\">\n\t\t\t\t\t<div class=\"elementor-column elementor-col-100 elementor-top-column elementor-element elementor-element-22712358\" data-id=\"22712358\" data-element_type=\"column\" data-e-type=\"column\">\n\t\t\t<div class=\"elementor-widget-wrap elementor-element-populated\">\n\t\t\t\t\t\t<div class=\"elementor-element elementor-element-302d349c elementor-widget__width-initial elementor-widget elementor-widget-text-editor\" data-id=\"302d349c\" data-element_type=\"widget\" data-e-type=\"widget\" data-widget_type=\"text-editor.default\">\n\t\t\t\t<div class=\"elementor-widget-container\">\n\t\t\t\t\t\t\t\t\t<p style=\"text-align: center;\"><span style=\"color: #ffffff;\"><strong>PRECALIFICACI\u00d3N<\/strong><\/span><br \/><span style=\"color: #ffffff;\">\u00bfNecesita ayuda para financiar su nuevo hogar? Podemos ayudar. Simplemente complete la informaci\u00f3n a continuaci\u00f3n y env\u00ede el formulario.<\/span><\/p><p style=\"text-align: center;\"><span style=\"color: #ffffff;\">Aseg\u00farese de completar todas las \u00e1reas requeridas para enviar el formulario<\/span><\/p><p style=\"text-align: center;\"><span style=\"color: #ffffff;\"><a style=\"color: #ffffff;\" title=\"Solicitud de cr\u00e9dito de viviendas de Atkinson\" href=\"https:\/\/www.atkinsonhomesal.com\/wp-content\/uploads\/2018\/09\/credit-application-printable-9-2018.pdf\">O haga clic aqu\u00ed para descargar la versi\u00f3n imprimible.<\/a><\/span><\/p><p style=\"text-align: center;\"><span style=\"color: #ffffff;\"><em>Al enviar este formulario, autorizo a Atkinson Homes a verificar mi historial crediticio.<\/em><\/span><\/p>\t\t\t\t\t\t\t\t<\/div>\n\t\t\t\t<\/div>\n\t\t\t\t\t<\/div>\n\t\t<\/div>\n\t\t\t\t\t<\/div>\n\t\t<\/section>\n\t\t\t\t<section class=\"elementor-section elementor-top-section elementor-element elementor-element-907d4ed elementor-section-boxed elementor-section-height-default elementor-section-height-default\" data-id=\"907d4ed\" data-element_type=\"section\" data-e-type=\"section\">\n\t\t\t\t\t\t<div class=\"elementor-container elementor-column-gap-default\">\n\t\t\t\t\t<div class=\"elementor-column elementor-col-100 elementor-top-column elementor-element elementor-element-df8e037\" data-id=\"df8e037\" data-element_type=\"column\" data-e-type=\"column\">\n\t\t\t<div class=\"elementor-widget-wrap elementor-element-populated\">\n\t\t\t\t\t\t<div class=\"elementor-element elementor-element-471faa1 elementor-widget__width-initial elementor-widget elementor-widget-text-editor\" data-id=\"471faa1\" data-element_type=\"widget\" data-e-type=\"widget\" data-widget_type=\"text-editor.default\">\n\t\t\t\t<div class=\"elementor-widget-container\">\n\t\t\t\t\t\t\t\t\t<p><span style=\"color: #ffffff; font-family: var( --e-global-typography-text-font-family ), Sans-serif; font-weight: var( --e-global-typography-text-font-weight ); background-color: var(--bg_color); font-size: var(--body_typography-font-size); font-style: var(--body_typography-font-style,normal); letter-spacing: var(--body_typography-letter-spacing);\">\n<div class=\"wpcf7 no-js\" id=\"wpcf7-f3980-o1\" lang=\"en-US\" dir=\"ltr\" data-wpcf7-id=\"3980\">\n<div class=\"screen-reader-response\"><p role=\"status\" aria-live=\"polite\" aria-atomic=\"true\"><\/p> <ul><\/ul><\/div>\n<form action=\"\/es\/wp-json\/wp\/v2\/pages\/35#wpcf7-f3980-o1\" method=\"post\" class=\"wpcf7-form init\" aria-label=\"Formulario de contacto\" novalidate=\"novalidate\" data-status=\"init\" data-trp-original-action=\"\/es\/wp-json\/wp\/v2\/pages\/35#wpcf7-f3980-o1\">\n<fieldset class=\"hidden-fields-container\"><input type=\"hidden\" name=\"_wpcf7\" value=\"3980\" \/><input type=\"hidden\" name=\"_wpcf7_version\" value=\"6.1.5\" \/><input type=\"hidden\" name=\"_wpcf7_locale\" value=\"en_US\" \/><input type=\"hidden\" name=\"_wpcf7_unit_tag\" value=\"wpcf7-f3980-o1\" \/><input type=\"hidden\" name=\"_wpcf7_container_post\" value=\"0\" \/><input type=\"hidden\" name=\"_wpcf7_posted_data_hash\" value=\"\" \/>\n<\/fieldset>\n<p>Informaci\u00f3n del prestatario principal\n<\/p>\n<p>Tu nombre completo (requerido)\n<\/p>\n<p><span class=\"wpcf7-form-control-wrap\" data-name=\"your-name\"><input size=\"40\" maxlength=\"400\" class=\"wpcf7-form-control wpcf7-text wpcf7-validates-as-required\" aria-required=\"true\" aria-invalid=\"false\" value=\"\" type=\"text\" name=\"your-name\" \/><\/span>\n<\/p>\n<p>Tu domicilio (requerido)\n<\/p>\n<p><span class=\"wpcf7-form-control-wrap\" data-name=\"text-770\"><input size=\"40\" maxlength=\"400\" class=\"wpcf7-form-control wpcf7-text wpcf7-validates-as-required\" aria-required=\"true\" aria-invalid=\"false\" value=\"\" type=\"text\" name=\"text-770\" \/><\/span>\n<\/p>\n<p>Ciudad, Estado, C\u00f3digo Postal (requerido)\n<\/p>\n<p><span class=\"wpcf7-form-control-wrap\" data-name=\"text-675\"><input size=\"40\" maxlength=\"400\" class=\"wpcf7-form-control wpcf7-text wpcf7-validates-as-required\" aria-required=\"true\" aria-invalid=\"false\" value=\"\" type=\"text\" name=\"text-675\" \/><\/span>\n<\/p>\n<p>Tu fecha de nacimiento (requerido)\n<\/p>\n<p><span class=\"wpcf7-form-control-wrap\" data-name=\"text-71\"><input size=\"40\" maxlength=\"400\" class=\"wpcf7-form-control wpcf7-text wpcf7-validates-as-required\" aria-required=\"true\" aria-invalid=\"false\" value=\"\" type=\"text\" name=\"text-71\" \/><\/span>\n<\/p>\n<p>Su Seguro Social (requerido)\n<\/p>\n<p><span class=\"wpcf7-form-control-wrap\" data-name=\"text-138\"><input size=\"40\" maxlength=\"400\" class=\"wpcf7-form-control wpcf7-text\" aria-invalid=\"false\" value=\"\" type=\"text\" name=\"text-138\" \/><\/span>\n<\/p>\n<p>Co-solicitante\n<\/p>\n<p>Nombre completo\n<\/p>\n<p><span class=\"wpcf7-form-control-wrap\" data-name=\"text-717\"><input size=\"40\" maxlength=\"400\" class=\"wpcf7-form-control wpcf7-text\" aria-invalid=\"false\" value=\"\" type=\"text\" name=\"text-717\" \/><\/span>\n<\/p>\n<p>Direccion de casa\n<\/p>\n<p><span class=\"wpcf7-form-control-wrap\" data-name=\"text-629\"><input size=\"40\" maxlength=\"400\" class=\"wpcf7-form-control wpcf7-text\" aria-invalid=\"false\" value=\"\" type=\"text\" name=\"text-629\" \/><\/span>\n<\/p>\n<p>Fecha de nacimiento\n<\/p>\n<p><span class=\"wpcf7-form-control-wrap\" data-name=\"text-542\"><input size=\"40\" maxlength=\"400\" class=\"wpcf7-form-control wpcf7-text\" aria-invalid=\"false\" value=\"\" type=\"text\" name=\"text-542\" \/><\/span>\n<\/p>\n<p>Seguridad Social\n<\/p>\n<p><span class=\"wpcf7-form-control-wrap\" data-name=\"text-524\"><input size=\"40\" maxlength=\"400\" class=\"wpcf7-form-control wpcf7-text\" aria-invalid=\"false\" value=\"\" type=\"text\" name=\"text-524\" \/><\/span>\n<\/p>\n<p>\u00bfC\u00f3mo debemos contactarlo?\n<\/p>\n<p>Correo electr\u00f3nico de contacto (requerido)\n<\/p>\n<p><span class=\"wpcf7-form-control-wrap\" data-name=\"your-email\"><input size=\"40\" maxlength=\"400\" class=\"wpcf7-form-control wpcf7-email wpcf7-validates-as-required wpcf7-text wpcf7-validates-as-email\" aria-required=\"true\" aria-invalid=\"false\" value=\"\" type=\"email\" name=\"your-email\" \/><\/span>\n<\/p>\n<p>N\u00famero de contacto (requerido)\n<\/p>\n<p><span class=\"wpcf7-form-control-wrap\" data-name=\"text-229\"><input size=\"40\" maxlength=\"400\" class=\"wpcf7-form-control wpcf7-text wpcf7-validates-as-required\" aria-required=\"true\" aria-invalid=\"false\" value=\"\" type=\"text\" name=\"text-229\" \/><\/span>\n<\/p>\n<p>Cualquier informaci\u00f3n adicional que necesitemos saber\n<\/p>\n<p><span class=\"wpcf7-form-control-wrap\" data-name=\"your-message\"><textarea cols=\"40\" rows=\"10\" maxlength=\"2000\" class=\"wpcf7-form-control wpcf7-textarea\" aria-invalid=\"false\" name=\"your-message\"><\/textarea><\/span>\n<\/p>\n<p>Al enviar este formulario, yo\/nosotros autorizamos a Atkinson Homes a obtener una<br \/>\ninforme de cr\u00e9dito a trav\u00e9s de una compa\u00f1\u00eda de informes de cr\u00e9dito elegida por Atkinson Homes.\n<\/p>\n<p>Yo\/nosotros entendemos y aceptamos que Atkinson Homes tiene la intenci\u00f3n de usar este informe de cr\u00e9dito del consumidor para<br \/>\nprop\u00f3sitos de evaluar mi\/nuestra preparaci\u00f3n financiera para comprar una casa.\n<\/p>\n<p>Yo\/Nosotros entendemos que este informe de cr\u00e9dito se mantendr\u00e1 en archivo en Atkinson Homes y que el<br \/>\nLa informaci\u00f3n no ser\u00e1 revelada a nadie sin mi consentimiento previo por escrito.<br \/>\nDesde que se otorg\u00f3 el permiso en l\u00ednea, mi\/nuestro(s) nombre(s) escrito(s) arriba<br \/>\nrepresenta dicha autorizaci\u00f3n\n<\/p>\n<p>Yo\/nosotros aceptamos ser contactados por Atkinson Homes por correo electr\u00f3nico o llamada telef\u00f3nica. Atkinson Homes nunca compartir\u00e1 su informaci\u00f3n con terceros para marcar u otros usos de recopilaci\u00f3n de datos.\n<\/p>\n<p><input class=\"wpcf7-form-control wpcf7-submit has-spinner\" type=\"submit\" value=\"Enviar\" \/>\n<\/p><p style=\"display: none !important;\" class=\"akismet-fields-container\" data-prefix=\"_wpcf7_ak_\"><label>\u0394<textarea name=\"_wpcf7_ak_hp_textarea\" cols=\"45\" rows=\"8\" maxlength=\"100\"><\/textarea><\/label><input type=\"hidden\" id=\"ak_js_1\" name=\"_wpcf7_ak_js\" value=\"174\"\/><script>document.getElementById( \"ak_js_1\" ).setAttribute( \"value\", ( new Date() ).getTime() );<\/script><\/p><div class=\"fusion-alert alert custom alert-custom fusion-alert-center wpcf7-response-output awb-alert-native-link-color alert-dismissable awb-alert-close-boxed\" style=\"--awb-border-size:1px;--awb-border-top-left-radius:0px;--awb-border-top-right-radius:0px;--awb-border-bottom-left-radius:0px;--awb-border-bottom-right-radius:0px;\" role=\"alert\"><div class=\"fusion-alert-content-wrapper\"><span class=\"fusion-alert-content\"><\/span><\/div><button type=\"button\" class=\"close toggle-alert\" data-dismiss=\"alert\" aria-label=\"Cerca\">\u00d7<\/button><\/div>\n<input type=\"hidden\" name=\"trp-form-language\" value=\"es\"\/><\/form>\n<\/div>\n<\/span><\/p>\t\t\t\t\t\t\t\t<\/div>\n\t\t\t\t<\/div>\n\t\t\t\t\t<\/div>\n\t\t<\/div>\n\t\t\t\t\t<\/div>\n\t\t<\/section>\n\t\t\t\t<\/div>","protected":false},"excerpt":{"rendered":"<p>Our Online Credit Application PRE-QUALIFICATIONNeed help financing your new home?  [&#8230;]<\/p>\n","protected":false},"author":1,"featured_media":0,"parent":0,"menu_order":0,"comment_status":"closed","ping_status":"open","template":"elementor_header_footer","meta":{"_monsterinsights_skip_tracking":false,"_monsterinsights_sitenote_active":false,"_monsterinsights_sitenote_note":"","_monsterinsights_sitenote_category":0,"footnotes":""},"class_list":["post-35","page","type-page","status-publish","hentry"],"yoast_head":"<!-- This site is optimized with the Yoast SEO plugin v27.4 - https:\/\/yoast.com\/product\/yoast-seo-wordpress\/ -->\n<title>Credit Application - Atkinson Homes<\/title>\n<meta name=\"robots\" content=\"index, follow, max-snippet:-1, max-image-preview:large, max-video-preview:-1\" \/>\n<link rel=\"canonical\" href=\"https:\/\/www.atkinsonhomesal.com\/es\/credit-application\/\" \/>\n<meta property=\"og:locale\" content=\"es_ES\" \/>\n<meta property=\"og:type\" content=\"article\" \/>\n<meta property=\"og:title\" content=\"Credit Application - Atkinson Homes\" \/>\n<meta property=\"og:description\" content=\"Our Online Credit Application PRE-QUALIFICATIONNeed help financing your new home? [...]\" \/>\n<meta property=\"og:url\" content=\"https:\/\/www.atkinsonhomesal.com\/es\/credit-application\/\" \/>\n<meta property=\"og:site_name\" content=\"Atkinson Homes\" \/>\n<meta property=\"article:modified_time\" content=\"2023-02-07T20:35:56+00:00\" \/>\n<meta property=\"og:image\" content=\"http:\/\/www.atkinsonhomesal.com\/wp-content\/uploads\/2022\/09\/pre-approved-loan-credit-manufactured-home-alabama-1024x358.jpg\" \/>\n<meta name=\"twitter:label1\" content=\"Tiempo de lectura\" \/>\n\t<meta name=\"twitter:data1\" content=\"2 minutos\" \/>\n<script type=\"application\/ld+json\" class=\"yoast-schema-graph\">{\"@context\":\"https:\\\/\\\/schema.org\",\"@graph\":[{\"@type\":\"WebPage\",\"@id\":\"https:\\\/\\\/www.atkinsonhomesal.com\\\/credit-application\\\/\",\"url\":\"https:\\\/\\\/www.atkinsonhomesal.com\\\/credit-application\\\/\",\"name\":\"Credit Application - Atkinson Homes\",\"isPartOf\":{\"@id\":\"https:\\\/\\\/www.atkinsonhomesal.com\\\/#website\"},\"primaryImageOfPage\":{\"@id\":\"https:\\\/\\\/www.atkinsonhomesal.com\\\/credit-application\\\/#primaryimage\"},\"image\":{\"@id\":\"https:\\\/\\\/www.atkinsonhomesal.com\\\/credit-application\\\/#primaryimage\"},\"thumbnailUrl\":\"https:\\\/\\\/www.atkinsonhomesal.com\\\/wp-content\\\/uploads\\\/2022\\\/09\\\/pre-approved-loan-credit-manufactured-home-alabama-1024x358.jpg\",\"datePublished\":\"2014-09-17T18:22:03+00:00\",\"dateModified\":\"2023-02-07T20:35:56+00:00\",\"breadcrumb\":{\"@id\":\"https:\\\/\\\/www.atkinsonhomesal.com\\\/credit-application\\\/#breadcrumb\"},\"inLanguage\":\"es\",\"potentialAction\":[{\"@type\":\"ReadAction\",\"target\":[\"https:\\\/\\\/www.atkinsonhomesal.com\\\/credit-application\\\/\"]}]},{\"@type\":\"ImageObject\",\"inLanguage\":\"es\",\"@id\":\"https:\\\/\\\/www.atkinsonhomesal.com\\\/credit-application\\\/#primaryimage\",\"url\":\"https:\\\/\\\/www.atkinsonhomesal.com\\\/wp-content\\\/uploads\\\/2022\\\/09\\\/pre-approved-loan-credit-manufactured-home-alabama-1024x358.jpg\",\"contentUrl\":\"https:\\\/\\\/www.atkinsonhomesal.com\\\/wp-content\\\/uploads\\\/2022\\\/09\\\/pre-approved-loan-credit-manufactured-home-alabama-1024x358.jpg\"},{\"@type\":\"BreadcrumbList\",\"@id\":\"https:\\\/\\\/www.atkinsonhomesal.com\\\/credit-application\\\/#breadcrumb\",\"itemListElement\":[{\"@type\":\"ListItem\",\"position\":1,\"name\":\"Home\",\"item\":\"https:\\\/\\\/www.atkinsonhomesal.com\\\/\"},{\"@type\":\"ListItem\",\"position\":2,\"name\":\"Credit Application\"}]},{\"@type\":\"WebSite\",\"@id\":\"https:\\\/\\\/www.atkinsonhomesal.com\\\/#website\",\"url\":\"https:\\\/\\\/www.atkinsonhomesal.com\\\/\",\"name\":\"Atkinson Homes\",\"description\":\"You are going to love our homes\",\"publisher\":{\"@id\":\"https:\\\/\\\/www.atkinsonhomesal.com\\\/#organization\"},\"potentialAction\":[{\"@type\":\"SearchAction\",\"target\":{\"@type\":\"EntryPoint\",\"urlTemplate\":\"https:\\\/\\\/www.atkinsonhomesal.com\\\/?s={search_term_string}\"},\"query-input\":{\"@type\":\"PropertyValueSpecification\",\"valueRequired\":true,\"valueName\":\"search_term_string\"}}],\"inLanguage\":\"es\"},{\"@type\":\"Organization\",\"@id\":\"https:\\\/\\\/www.atkinsonhomesal.com\\\/#organization\",\"name\":\"Atkinson Homes\",\"url\":\"https:\\\/\\\/www.atkinsonhomesal.com\\\/\",\"logo\":{\"@type\":\"ImageObject\",\"inLanguage\":\"es\",\"@id\":\"https:\\\/\\\/www.atkinsonhomesal.com\\\/#\\\/schema\\\/logo\\\/image\\\/\",\"url\":\"https:\\\/\\\/www.atkinsonhomesal.com\\\/wp-content\\\/uploads\\\/2022\\\/08\\\/cropped-atkinson-homes-page-logo.jpg\",\"contentUrl\":\"https:\\\/\\\/www.atkinsonhomesal.com\\\/wp-content\\\/uploads\\\/2022\\\/08\\\/cropped-atkinson-homes-page-logo.jpg\",\"width\":512,\"height\":512,\"caption\":\"Atkinson Homes\"},\"image\":{\"@id\":\"https:\\\/\\\/www.atkinsonhomesal.com\\\/#\\\/schema\\\/logo\\\/image\\\/\"}}]}<\/script>\n<!-- \/ Yoast SEO plugin. -->","yoast_head_json":{"title":"Credit Application - Atkinson Homes","robots":{"index":"index","follow":"follow","max-snippet":"max-snippet:-1","max-image-preview":"max-image-preview:large","max-video-preview":"max-video-preview:-1"},"canonical":"https:\/\/www.atkinsonhomesal.com\/es\/credit-application\/","og_locale":"es_ES","og_type":"article","og_title":"Credit Application - Atkinson Homes","og_description":"Our Online Credit Application PRE-QUALIFICATIONNeed help financing your new home? [...]","og_url":"https:\/\/www.atkinsonhomesal.com\/es\/credit-application\/","og_site_name":"Atkinson Homes","article_modified_time":"2023-02-07T20:35:56+00:00","og_image":[{"url":"http:\/\/www.atkinsonhomesal.com\/wp-content\/uploads\/2022\/09\/pre-approved-loan-credit-manufactured-home-alabama-1024x358.jpg","type":"","width":"","height":""}],"twitter_misc":{"Tiempo de lectura":"2 minutos"},"schema":{"@context":"https:\/\/schema.org","@graph":[{"@type":"WebPage","@id":"https:\/\/www.atkinsonhomesal.com\/credit-application\/","url":"https:\/\/www.atkinsonhomesal.com\/credit-application\/","name":"Credit Application - Atkinson Homes","isPartOf":{"@id":"https:\/\/www.atkinsonhomesal.com\/#website"},"primaryImageOfPage":{"@id":"https:\/\/www.atkinsonhomesal.com\/credit-application\/#primaryimage"},"image":{"@id":"https:\/\/www.atkinsonhomesal.com\/credit-application\/#primaryimage"},"thumbnailUrl":"https:\/\/www.atkinsonhomesal.com\/wp-content\/uploads\/2022\/09\/pre-approved-loan-credit-manufactured-home-alabama-1024x358.jpg","datePublished":"2014-09-17T18:22:03+00:00","dateModified":"2023-02-07T20:35:56+00:00","breadcrumb":{"@id":"https:\/\/www.atkinsonhomesal.com\/credit-application\/#breadcrumb"},"inLanguage":"es","potentialAction":[{"@type":"ReadAction","target":["https:\/\/www.atkinsonhomesal.com\/credit-application\/"]}]},{"@type":"ImageObject","inLanguage":"es","@id":"https:\/\/www.atkinsonhomesal.com\/credit-application\/#primaryimage","url":"https:\/\/www.atkinsonhomesal.com\/wp-content\/uploads\/2022\/09\/pre-approved-loan-credit-manufactured-home-alabama-1024x358.jpg","contentUrl":"https:\/\/www.atkinsonhomesal.com\/wp-content\/uploads\/2022\/09\/pre-approved-loan-credit-manufactured-home-alabama-1024x358.jpg"},{"@type":"BreadcrumbList","@id":"https:\/\/www.atkinsonhomesal.com\/credit-application\/#breadcrumb","itemListElement":[{"@type":"ListItem","position":1,"name":"Home","item":"https:\/\/www.atkinsonhomesal.com\/"},{"@type":"ListItem","position":2,"name":"Credit Application"}]},{"@type":"WebSite","@id":"https:\/\/www.atkinsonhomesal.com\/#website","url":"https:\/\/www.atkinsonhomesal.com\/","name":"Casas en Atkinson","description":"Te van a encantar nuestras casas","publisher":{"@id":"https:\/\/www.atkinsonhomesal.com\/#organization"},"potentialAction":[{"@type":"SearchAction","target":{"@type":"EntryPoint","urlTemplate":"https:\/\/www.atkinsonhomesal.com\/?s={search_term_string}"},"query-input":{"@type":"PropertyValueSpecification","valueRequired":true,"valueName":"search_term_string"}}],"inLanguage":"es"},{"@type":"Organization","@id":"https:\/\/www.atkinsonhomesal.com\/#organization","name":"Casas en Atkinson","url":"https:\/\/www.atkinsonhomesal.com\/","logo":{"@type":"ImageObject","inLanguage":"es","@id":"https:\/\/www.atkinsonhomesal.com\/#\/schema\/logo\/image\/","url":"https:\/\/www.atkinsonhomesal.com\/wp-content\/uploads\/2022\/08\/cropped-atkinson-homes-page-logo.jpg","contentUrl":"https:\/\/www.atkinsonhomesal.com\/wp-content\/uploads\/2022\/08\/cropped-atkinson-homes-page-logo.jpg","width":512,"height":512,"caption":"Atkinson Homes"},"image":{"@id":"https:\/\/www.atkinsonhomesal.com\/#\/schema\/logo\/image\/"}}]}},"_links":{"self":[{"href":"https:\/\/www.atkinsonhomesal.com\/es\/wp-json\/wp\/v2\/pages\/35","targetHints":{"allow":["GET"]}}],"collection":[{"href":"https:\/\/www.atkinsonhomesal.com\/es\/wp-json\/wp\/v2\/pages"}],"about":[{"href":"https:\/\/www.atkinsonhomesal.com\/es\/wp-json\/wp\/v2\/types\/page"}],"author":[{"embeddable":true,"href":"https:\/\/www.atkinsonhomesal.com\/es\/wp-json\/wp\/v2\/users\/1"}],"replies":[{"embeddable":true,"href":"https:\/\/www.atkinsonhomesal.com\/es\/wp-json\/wp\/v2\/comments?post=35"}],"version-history":[{"count":5,"href":"https:\/\/www.atkinsonhomesal.com\/es\/wp-json\/wp\/v2\/pages\/35\/revisions"}],"predecessor-version":[{"id":3986,"href":"https:\/\/www.atkinsonhomesal.com\/es\/wp-json\/wp\/v2\/pages\/35\/revisions\/3986"}],"wp:attachment":[{"href":"https:\/\/www.atkinsonhomesal.com\/es\/wp-json\/wp\/v2\/media?parent=35"}],"curies":[{"name":"gracias","href":"https:\/\/api.w.org\/{rel}","templated":true}]}}