{"id":16,"date":"2014-09-17T13:15:09","date_gmt":"2014-09-17T18:15:09","guid":{"rendered":"http:\/\/www.atkinsonhomesal.com\/?page_id=16"},"modified":"2022-09-29T18:12:42","modified_gmt":"2022-09-29T23:12:42","slug":"your-land","status":"publish","type":"page","link":"https:\/\/www.atkinsonhomesal.com\/es\/your-land\/","title":{"rendered":"Desarrollo de su propiedad"},"content":{"rendered":"<div data-elementor-type=\"wp-page\" data-elementor-id=\"16\" class=\"elementor elementor-16\" data-elementor-post-type=\"page\">\n\t\t\t\t\t\t<section class=\"elementor-section elementor-top-section elementor-element elementor-element-2f31b03 elementor-section-full_width elementor-section-content-top elementor-section-height-default elementor-section-height-default\" data-id=\"2f31b03\" data-element_type=\"section\" data-e-type=\"section\">\n\t\t\t\t\t\t<div class=\"elementor-container elementor-column-gap-no\">\n\t\t\t\t\t<div class=\"elementor-column elementor-col-100 elementor-top-column elementor-element elementor-element-4f7e457\" data-id=\"4f7e457\" data-element_type=\"column\" data-e-type=\"column\">\n\t\t\t<div class=\"elementor-widget-wrap elementor-element-populated\">\n\t\t\t\t\t\t<div class=\"elementor-element elementor-element-74a1e62 elementor-widget elementor-widget-image\" data-id=\"74a1e62\" data-element_type=\"widget\" data-e-type=\"widget\" data-widget_type=\"image.default\">\n\t\t\t\t<div class=\"elementor-widget-container\">\n\t\t\t\t\t\t\t\t\t\t\t\t\t\t\t<img fetchpriority=\"high\" decoding=\"async\" width=\"1024\" height=\"358\" src=\"https:\/\/www.atkinsonhomesal.com\/wp-content\/uploads\/2022\/09\/property-development-manufactured-homes-alabama-1024x358.jpg\" class=\"attachment-large size-large wp-image-3528\" alt=\"\" srcset=\"https:\/\/www.atkinsonhomesal.com\/wp-content\/uploads\/2022\/09\/property-development-manufactured-homes-alabama-200x70.jpg 200w, https:\/\/www.atkinsonhomesal.com\/wp-content\/uploads\/2022\/09\/property-development-manufactured-homes-alabama-300x105.jpg 300w, https:\/\/www.atkinsonhomesal.com\/wp-content\/uploads\/2022\/09\/property-development-manufactured-homes-alabama-400x140.jpg 400w, https:\/\/www.atkinsonhomesal.com\/wp-content\/uploads\/2022\/09\/property-development-manufactured-homes-alabama-600x210.jpg 600w, https:\/\/www.atkinsonhomesal.com\/wp-content\/uploads\/2022\/09\/property-development-manufactured-homes-alabama-768x269.jpg 768w, https:\/\/www.atkinsonhomesal.com\/wp-content\/uploads\/2022\/09\/property-development-manufactured-homes-alabama-800x280.jpg 800w, https:\/\/www.atkinsonhomesal.com\/wp-content\/uploads\/2022\/09\/property-development-manufactured-homes-alabama-1024x358.jpg 1024w, https:\/\/www.atkinsonhomesal.com\/wp-content\/uploads\/2022\/09\/property-development-manufactured-homes-alabama-1060x371.jpg 1060w, https:\/\/www.atkinsonhomesal.com\/wp-content\/uploads\/2022\/09\/property-development-manufactured-homes-alabama-1200x420.jpg 1200w, https:\/\/www.atkinsonhomesal.com\/wp-content\/uploads\/2022\/09\/property-development-manufactured-homes-alabama-1536x537.jpg 1536w\" sizes=\"(max-width: 1024px) 100vw, 1024px\" \/>\t\t\t\t\t\t\t\t\t\t\t\t\t\t\t<\/div>\n\t\t\t\t<\/div>\n\t\t\t\t<div class=\"elementor-element elementor-element-bb28cb0 elementor-widget elementor-widget-heading\" data-id=\"bb28cb0\" data-element_type=\"widget\" data-e-type=\"widget\" data-widget_type=\"heading.default\">\n\t\t\t\t<div class=\"elementor-widget-container\">\n\t\t\t\t\t<h1 class=\"elementor-heading-title elementor-size-default\">Desarrollo de su propiedad<\/h1>\t\t\t\t<\/div>\n\t\t\t\t<\/div>\n\t\t\t\t<div class=\"elementor-element elementor-element-2841f5c elementor-widget__width-initial elementor-widget elementor-widget-text-editor\" data-id=\"2841f5c\" data-element_type=\"widget\" data-e-type=\"widget\" data-widget_type=\"text-editor.default\">\n\t\t\t\t<div class=\"elementor-widget-container\">\n\t\t\t\t\t\t\t\t\t<p style=\"text-align: center;\">Ahora que ha encontrado un terreno para su nuevo hogar. \u00a1Felicidades! Atkinson Homes puede<br \/>ayudarle con la preparaci\u00f3n de su terreno no urbanizable.<\/p>\t\t\t\t\t\t\t\t<\/div>\n\t\t\t\t<\/div>\n\t\t\t\t<div class=\"elementor-element elementor-element-39a49f5 elementor-widget elementor-widget-spacer\" data-id=\"39a49f5\" data-element_type=\"widget\" data-e-type=\"widget\" data-widget_type=\"spacer.default\">\n\t\t\t\t<div class=\"elementor-widget-container\">\n\t\t\t\t\t\t\t<div class=\"elementor-spacer\">\n\t\t\t<div class=\"elementor-spacer-inner\"><\/div>\n\t\t<\/div>\n\t\t\t\t\t\t<\/div>\n\t\t\t\t<\/div>\n\t\t\t\t\t<\/div>\n\t\t<\/div>\n\t\t\t\t\t<\/div>\n\t\t<\/section>\n\t\t\t\t<section class=\"elementor-section elementor-top-section elementor-element elementor-element-b59955d elementor-section-boxed elementor-section-height-default elementor-section-height-default\" data-id=\"b59955d\" data-element_type=\"section\" data-e-type=\"section\" data-settings=\"{&quot;background_background&quot;:&quot;classic&quot;}\">\n\t\t\t\t\t\t<div class=\"elementor-container elementor-column-gap-default\">\n\t\t\t\t\t<div class=\"elementor-column elementor-col-100 elementor-top-column elementor-element elementor-element-6e4119f\" data-id=\"6e4119f\" data-element_type=\"column\" data-e-type=\"column\">\n\t\t\t<div class=\"elementor-widget-wrap elementor-element-populated\">\n\t\t\t\t\t\t<div class=\"elementor-element elementor-element-5a0bfc9 elementor-widget elementor-widget-text-editor\" data-id=\"5a0bfc9\" data-element_type=\"widget\" data-e-type=\"widget\" data-widget_type=\"text-editor.default\">\n\t\t\t\t<div class=\"elementor-widget-container\">\n\t\t\t\t\t\t\t\t\t<p class=\"spacedtext\" style=\"text-align: left;\">La planificaci\u00f3n anticipada puede ayudar con la puntualidad del proceso de entrega, la conexi\u00f3n de los servicios p\u00fablicos y cualquier mejora del sitio.<\/p><p class=\"spacedtext\" style=\"text-align: left;\">A continuaci\u00f3n se muestra una lista r\u00e1pida de cosas a considerar en el proceso de planificaci\u00f3n:<\/p><ul><li><strong>Zonificaci\u00f3n<\/strong> \u2013 \u00bfEst\u00e1 su propiedad dividida en zonas para una casa prefabricada?<\/li><li><strong>Acceso<\/strong> \u2013 \u00bfHay acceso adecuado al sitio para la entrega de su casa? \u00bfHay un camino de entrada? \u00bfTiene cercas que deber\u00edan ser removidas?<\/li><li><strong>Utilidades<\/strong> \u2013 \u00bfExisten servicios p\u00fablicos como electricidad, agua, alcantarillado o fosa s\u00e9ptica?<\/li><li><strong>Permisos<\/strong> \u2013 \u00bfSu terreno requiere un permiso de construcci\u00f3n?<\/li><\/ul><p>El siguiente paso es trabajar con Atkinson Homes para planificar el proyecto completo.<\/p>\t\t\t\t\t\t\t\t<\/div>\n\t\t\t\t<\/div>\n\t\t\t\t\t<\/div>\n\t\t<\/div>\n\t\t\t\t\t<\/div>\n\t\t<\/section>\n\t\t\t\t<\/div>","protected":false},"excerpt":{"rendered":"<p>Developing Your Property Now that you have found land for  [&#8230;]<\/p>\n","protected":false},"author":1,"featured_media":0,"parent":0,"menu_order":0,"comment_status":"closed","ping_status":"open","template":"elementor_header_footer","meta":{"_monsterinsights_skip_tracking":false,"_monsterinsights_sitenote_active":false,"_monsterinsights_sitenote_note":"","_monsterinsights_sitenote_category":0,"footnotes":""},"class_list":["post-16","page","type-page","status-publish","hentry"],"yoast_head":"<!-- This site is optimized with the Yoast SEO plugin v27.4 - https:\/\/yoast.com\/product\/yoast-seo-wordpress\/ -->\n<title>Developing Your Property - Atkinson Homes<\/title>\n<meta name=\"robots\" content=\"index, follow, max-snippet:-1, max-image-preview:large, max-video-preview:-1\" \/>\n<link rel=\"canonical\" href=\"https:\/\/www.atkinsonhomesal.com\/es\/your-land\/\" \/>\n<meta property=\"og:locale\" content=\"es_ES\" \/>\n<meta property=\"og:type\" content=\"article\" \/>\n<meta property=\"og:title\" content=\"Developing Your Property - Atkinson Homes\" \/>\n<meta property=\"og:description\" content=\"Developing Your Property Now that you have found land for [...]\" \/>\n<meta property=\"og:url\" content=\"https:\/\/www.atkinsonhomesal.com\/es\/your-land\/\" \/>\n<meta property=\"og:site_name\" content=\"Atkinson Homes\" \/>\n<meta property=\"article:modified_time\" content=\"2022-09-29T23:12:42+00:00\" \/>\n<meta property=\"og:image\" content=\"http:\/\/www.atkinsonhomesal.com\/wp-content\/uploads\/2022\/09\/property-development-manufactured-homes-alabama-1024x358.jpg\" \/>\n<meta name=\"twitter:label1\" content=\"Tiempo de lectura\" \/>\n\t<meta name=\"twitter:data1\" content=\"1 minuto\" \/>\n<script type=\"application\/ld+json\" class=\"yoast-schema-graph\">{\"@context\":\"https:\\\/\\\/schema.org\",\"@graph\":[{\"@type\":\"WebPage\",\"@id\":\"https:\\\/\\\/www.atkinsonhomesal.com\\\/your-land\\\/\",\"url\":\"https:\\\/\\\/www.atkinsonhomesal.com\\\/your-land\\\/\",\"name\":\"Developing Your Property - Atkinson Homes\",\"isPartOf\":{\"@id\":\"https:\\\/\\\/www.atkinsonhomesal.com\\\/#website\"},\"primaryImageOfPage\":{\"@id\":\"https:\\\/\\\/www.atkinsonhomesal.com\\\/your-land\\\/#primaryimage\"},\"image\":{\"@id\":\"https:\\\/\\\/www.atkinsonhomesal.com\\\/your-land\\\/#primaryimage\"},\"thumbnailUrl\":\"https:\\\/\\\/www.atkinsonhomesal.com\\\/wp-content\\\/uploads\\\/2022\\\/09\\\/property-development-manufactured-homes-alabama-1024x358.jpg\",\"datePublished\":\"2014-09-17T18:15:09+00:00\",\"dateModified\":\"2022-09-29T23:12:42+00:00\",\"breadcrumb\":{\"@id\":\"https:\\\/\\\/www.atkinsonhomesal.com\\\/your-land\\\/#breadcrumb\"},\"inLanguage\":\"es\",\"potentialAction\":[{\"@type\":\"ReadAction\",\"target\":[\"https:\\\/\\\/www.atkinsonhomesal.com\\\/your-land\\\/\"]}]},{\"@type\":\"ImageObject\",\"inLanguage\":\"es\",\"@id\":\"https:\\\/\\\/www.atkinsonhomesal.com\\\/your-land\\\/#primaryimage\",\"url\":\"https:\\\/\\\/www.atkinsonhomesal.com\\\/wp-content\\\/uploads\\\/2022\\\/09\\\/property-development-manufactured-homes-alabama-1024x358.jpg\",\"contentUrl\":\"https:\\\/\\\/www.atkinsonhomesal.com\\\/wp-content\\\/uploads\\\/2022\\\/09\\\/property-development-manufactured-homes-alabama-1024x358.jpg\"},{\"@type\":\"BreadcrumbList\",\"@id\":\"https:\\\/\\\/www.atkinsonhomesal.com\\\/your-land\\\/#breadcrumb\",\"itemListElement\":[{\"@type\":\"ListItem\",\"position\":1,\"name\":\"Home\",\"item\":\"https:\\\/\\\/www.atkinsonhomesal.com\\\/\"},{\"@type\":\"ListItem\",\"position\":2,\"name\":\"Developing Your Property\"}]},{\"@type\":\"WebSite\",\"@id\":\"https:\\\/\\\/www.atkinsonhomesal.com\\\/#website\",\"url\":\"https:\\\/\\\/www.atkinsonhomesal.com\\\/\",\"name\":\"Atkinson Homes\",\"description\":\"You are going to love our homes\",\"publisher\":{\"@id\":\"https:\\\/\\\/www.atkinsonhomesal.com\\\/#organization\"},\"potentialAction\":[{\"@type\":\"SearchAction\",\"target\":{\"@type\":\"EntryPoint\",\"urlTemplate\":\"https:\\\/\\\/www.atkinsonhomesal.com\\\/?s={search_term_string}\"},\"query-input\":{\"@type\":\"PropertyValueSpecification\",\"valueRequired\":true,\"valueName\":\"search_term_string\"}}],\"inLanguage\":\"es\"},{\"@type\":\"Organization\",\"@id\":\"https:\\\/\\\/www.atkinsonhomesal.com\\\/#organization\",\"name\":\"Atkinson Homes\",\"url\":\"https:\\\/\\\/www.atkinsonhomesal.com\\\/\",\"logo\":{\"@type\":\"ImageObject\",\"inLanguage\":\"es\",\"@id\":\"https:\\\/\\\/www.atkinsonhomesal.com\\\/#\\\/schema\\\/logo\\\/image\\\/\",\"url\":\"https:\\\/\\\/www.atkinsonhomesal.com\\\/wp-content\\\/uploads\\\/2022\\\/08\\\/cropped-atkinson-homes-page-logo.jpg\",\"contentUrl\":\"https:\\\/\\\/www.atkinsonhomesal.com\\\/wp-content\\\/uploads\\\/2022\\\/08\\\/cropped-atkinson-homes-page-logo.jpg\",\"width\":512,\"height\":512,\"caption\":\"Atkinson Homes\"},\"image\":{\"@id\":\"https:\\\/\\\/www.atkinsonhomesal.com\\\/#\\\/schema\\\/logo\\\/image\\\/\"}}]}<\/script>\n<!-- \/ Yoast SEO plugin. -->","yoast_head_json":{"title":"Desarrollo de su propiedad - Atkinson Homes","robots":{"index":"index","follow":"follow","max-snippet":"max-snippet:-1","max-image-preview":"max-image-preview:large","max-video-preview":"max-video-preview:-1"},"canonical":"https:\/\/www.atkinsonhomesal.com\/es\/your-land\/","og_locale":"es_ES","og_type":"article","og_title":"Developing Your Property - Atkinson Homes","og_description":"Developing Your Property Now that you have found land for [...]","og_url":"https:\/\/www.atkinsonhomesal.com\/es\/your-land\/","og_site_name":"Atkinson Homes","article_modified_time":"2022-09-29T23:12:42+00:00","og_image":[{"url":"http:\/\/www.atkinsonhomesal.com\/wp-content\/uploads\/2022\/09\/property-development-manufactured-homes-alabama-1024x358.jpg","type":"","width":"","height":""}],"twitter_misc":{"Tiempo de lectura":"1 minuto"},"schema":{"@context":"https:\/\/schema.org","@graph":[{"@type":"WebPage","@id":"https:\/\/www.atkinsonhomesal.com\/your-land\/","url":"https:\/\/www.atkinsonhomesal.com\/your-land\/","name":"Desarrollo de su propiedad - Atkinson Homes","isPartOf":{"@id":"https:\/\/www.atkinsonhomesal.com\/#website"},"primaryImageOfPage":{"@id":"https:\/\/www.atkinsonhomesal.com\/your-land\/#primaryimage"},"image":{"@id":"https:\/\/www.atkinsonhomesal.com\/your-land\/#primaryimage"},"thumbnailUrl":"https:\/\/www.atkinsonhomesal.com\/wp-content\/uploads\/2022\/09\/property-development-manufactured-homes-alabama-1024x358.jpg","datePublished":"2014-09-17T18:15:09+00:00","dateModified":"2022-09-29T23:12:42+00:00","breadcrumb":{"@id":"https:\/\/www.atkinsonhomesal.com\/your-land\/#breadcrumb"},"inLanguage":"es","potentialAction":[{"@type":"ReadAction","target":["https:\/\/www.atkinsonhomesal.com\/your-land\/"]}]},{"@type":"ImageObject","inLanguage":"es","@id":"https:\/\/www.atkinsonhomesal.com\/your-land\/#primaryimage","url":"https:\/\/www.atkinsonhomesal.com\/wp-content\/uploads\/2022\/09\/property-development-manufactured-homes-alabama-1024x358.jpg","contentUrl":"https:\/\/www.atkinsonhomesal.com\/wp-content\/uploads\/2022\/09\/property-development-manufactured-homes-alabama-1024x358.jpg"},{"@type":"BreadcrumbList","@id":"https:\/\/www.atkinsonhomesal.com\/your-land\/#breadcrumb","itemListElement":[{"@type":"ListItem","position":1,"name":"Home","item":"https:\/\/www.atkinsonhomesal.com\/"},{"@type":"ListItem","position":2,"name":"Developing Your Property"}]},{"@type":"WebSite","@id":"https:\/\/www.atkinsonhomesal.com\/#website","url":"https:\/\/www.atkinsonhomesal.com\/","name":"Casas en Atkinson","description":"Te van a encantar nuestras casas","publisher":{"@id":"https:\/\/www.atkinsonhomesal.com\/#organization"},"potentialAction":[{"@type":"SearchAction","target":{"@type":"EntryPoint","urlTemplate":"https:\/\/www.atkinsonhomesal.com\/?s={search_term_string}"},"query-input":{"@type":"PropertyValueSpecification","valueRequired":true,"valueName":"search_term_string"}}],"inLanguage":"es"},{"@type":"Organization","@id":"https:\/\/www.atkinsonhomesal.com\/#organization","name":"Casas en Atkinson","url":"https:\/\/www.atkinsonhomesal.com\/","logo":{"@type":"ImageObject","inLanguage":"es","@id":"https:\/\/www.atkinsonhomesal.com\/#\/schema\/logo\/image\/","url":"https:\/\/www.atkinsonhomesal.com\/wp-content\/uploads\/2022\/08\/cropped-atkinson-homes-page-logo.jpg","contentUrl":"https:\/\/www.atkinsonhomesal.com\/wp-content\/uploads\/2022\/08\/cropped-atkinson-homes-page-logo.jpg","width":512,"height":512,"caption":"Atkinson Homes"},"image":{"@id":"https:\/\/www.atkinsonhomesal.com\/#\/schema\/logo\/image\/"}}]}},"_links":{"self":[{"href":"https:\/\/www.atkinsonhomesal.com\/es\/wp-json\/wp\/v2\/pages\/16","targetHints":{"allow":["GET"]}}],"collection":[{"href":"https:\/\/www.atkinsonhomesal.com\/es\/wp-json\/wp\/v2\/pages"}],"about":[{"href":"https:\/\/www.atkinsonhomesal.com\/es\/wp-json\/wp\/v2\/types\/page"}],"author":[{"embeddable":true,"href":"https:\/\/www.atkinsonhomesal.com\/es\/wp-json\/wp\/v2\/users\/1"}],"replies":[{"embeddable":true,"href":"https:\/\/www.atkinsonhomesal.com\/es\/wp-json\/wp\/v2\/comments?post=16"}],"version-history":[{"count":5,"href":"https:\/\/www.atkinsonhomesal.com\/es\/wp-json\/wp\/v2\/pages\/16\/revisions"}],"predecessor-version":[{"id":3665,"href":"https:\/\/www.atkinsonhomesal.com\/es\/wp-json\/wp\/v2\/pages\/16\/revisions\/3665"}],"wp:attachment":[{"href":"https:\/\/www.atkinsonhomesal.com\/es\/wp-json\/wp\/v2\/media?parent=16"}],"curies":[{"name":"gracias","href":"https:\/\/api.w.org\/{rel}","templated":true}]}}