{"id":14,"date":"2014-09-17T13:14:49","date_gmt":"2014-09-17T18:14:49","guid":{"rendered":"http:\/\/www.atkinsonhomesal.com\/?page_id=14"},"modified":"2025-03-24T16:00:12","modified_gmt":"2025-03-24T21:00:12","slug":"your-alabama-manufactured-home-retailer","status":"publish","type":"page","link":"https:\/\/www.atkinsonhomesal.com\/es\/your-alabama-manufactured-home-retailer\/","title":{"rendered":"Sobre nosotros"},"content":{"rendered":"<div data-elementor-type=\"wp-page\" data-elementor-id=\"14\" class=\"elementor elementor-14\" data-elementor-post-type=\"page\">\n\t\t\t\t\t\t<section class=\"elementor-section elementor-top-section elementor-element elementor-element-b151888 elementor-section-full_width elementor-section-content-top elementor-section-height-default elementor-section-height-default\" data-id=\"b151888\" data-element_type=\"section\" data-e-type=\"section\">\n\t\t\t\t\t\t<div class=\"elementor-container elementor-column-gap-no\">\n\t\t\t\t\t<div class=\"elementor-column elementor-col-100 elementor-top-column elementor-element elementor-element-404f194\" data-id=\"404f194\" data-element_type=\"column\" data-e-type=\"column\">\n\t\t\t<div class=\"elementor-widget-wrap elementor-element-populated\">\n\t\t\t\t\t\t<div class=\"elementor-element elementor-element-94926a7 elementor-widget elementor-widget-heading\" data-id=\"94926a7\" data-element_type=\"widget\" data-e-type=\"widget\" data-widget_type=\"heading.default\">\n\t\t\t\t<div class=\"elementor-widget-container\">\n\t\t\t\t\t<h1 class=\"elementor-heading-title elementor-size-default\">Comprando en Atkinson Homes<\/h1>\t\t\t\t<\/div>\n\t\t\t\t<\/div>\n\t\t\t\t<div class=\"elementor-element elementor-element-da48b8c elementor-widget__width-initial elementor-widget elementor-widget-text-editor\" data-id=\"da48b8c\" data-element_type=\"widget\" data-e-type=\"widget\" data-widget_type=\"text-editor.default\">\n\t\t\t\t<div class=\"elementor-widget-container\">\n\t\t\t\t\t\t\t\t\t<p style=\"text-align: center;\">Ha pensado en qu\u00e9 plano de planta es el adecuado para usted. Te est\u00e1s emocionando al visualizar vivir en una casa nueva. Ahora es el momento de visitar Atkinson Homes.<\/p>\t\t\t\t\t\t\t\t<\/div>\n\t\t\t\t<\/div>\n\t\t\t\t<div class=\"elementor-element elementor-element-7ef0189 elementor-widget elementor-widget-spacer\" data-id=\"7ef0189\" data-element_type=\"widget\" data-e-type=\"widget\" data-widget_type=\"spacer.default\">\n\t\t\t\t<div class=\"elementor-widget-container\">\n\t\t\t\t\t\t\t<div class=\"elementor-spacer\">\n\t\t\t<div class=\"elementor-spacer-inner\"><\/div>\n\t\t<\/div>\n\t\t\t\t\t\t<\/div>\n\t\t\t\t<\/div>\n\t\t\t\t\t<\/div>\n\t\t<\/div>\n\t\t\t\t\t<\/div>\n\t\t<\/section>\n\t\t\t\t<section class=\"elementor-section elementor-top-section elementor-element elementor-element-1741c9b elementor-section-boxed elementor-section-height-default elementor-section-height-default\" data-id=\"1741c9b\" data-element_type=\"section\" data-e-type=\"section\" data-settings=\"{&quot;background_background&quot;:&quot;classic&quot;}\">\n\t\t\t\t\t\t<div class=\"elementor-container elementor-column-gap-default\">\n\t\t\t\t\t<div class=\"elementor-column elementor-col-50 elementor-top-column elementor-element elementor-element-2a0d4f4\" data-id=\"2a0d4f4\" data-element_type=\"column\" data-e-type=\"column\">\n\t\t\t<div class=\"elementor-widget-wrap elementor-element-populated\">\n\t\t\t\t\t\t<div class=\"elementor-element elementor-element-1f56ce0 elementor-widget elementor-widget-heading\" data-id=\"1f56ce0\" data-element_type=\"widget\" data-e-type=\"widget\" data-widget_type=\"heading.default\">\n\t\t\t\t<div class=\"elementor-widget-container\">\n\t\t\t\t\t<h1 class=\"elementor-heading-title elementor-size-default\">Que podemos hacer por usted<\/h1>\t\t\t\t<\/div>\n\t\t\t\t<\/div>\n\t\t\t\t<div class=\"elementor-element elementor-element-05bda21 elementor-widget elementor-widget-text-editor\" data-id=\"05bda21\" data-element_type=\"widget\" data-e-type=\"widget\" data-widget_type=\"text-editor.default\">\n\t\t\t\t<div class=\"elementor-widget-container\">\n\t\t\t\t\t\t\t\t\t<p class=\"spacedtext\" style=\"text-align: right;\">Es importante entender por adelantado qu\u00e9 manejar\u00e1 Atkinson Homes y qu\u00e9 se espera que usted administre en el proceso. Hacemos mucho m\u00e1s que venderte una casa. M\u00e1s all\u00e1 de guiarlo a trav\u00e9s de todo el proceso, podemos ayudarlo con el financiamiento y la b\u00fasqueda de terrenos.<\/p><p class=\"spacedtext\" style=\"text-align: right;\">Adem\u00e1s, la experiencia de Atkinson Homes para garantizar la ubicaci\u00f3n y la instalaci\u00f3n adecuadas de la casa es fundamental para el rendimiento de su hogar. Tenemos relaciones con subcontratistas acreditados y experimentados que son responsables del transporte, la preparaci\u00f3n del sitio, la instalaci\u00f3n y los servicios p\u00fablicos.<\/p><p class=\"spacedtext\" style=\"text-align: right;\">Su departamento de servicio de Atkinson Homes tambi\u00e9n ser\u00e1 su punto de contacto para cualquier servicio de garant\u00eda que pueda necesitar.<\/p><p class=\"spacedtext\" style=\"text-align: right;\">Debido a que juegan un papel importante en cada parte del proceso, incluso despu\u00e9s de mudarse, es importante elegir el minorista adecuado. Cada minorista es un poco diferente en los tipos de servicios que ofrece, por lo que es importante aclarar todo desde el principio. Es una buena idea preguntar a otros propietarios y pedir referencias. Trabajar con personas con las que te sientas c\u00f3modo valdr\u00e1 la pena a largo plazo.<\/p>\t\t\t\t\t\t\t\t<\/div>\n\t\t\t\t<\/div>\n\t\t\t\t\t<\/div>\n\t\t<\/div>\n\t\t\t\t<div class=\"elementor-column elementor-col-50 elementor-top-column elementor-element elementor-element-3ace0cd\" data-id=\"3ace0cd\" data-element_type=\"column\" data-e-type=\"column\">\n\t\t\t<div class=\"elementor-widget-wrap elementor-element-populated\">\n\t\t\t\t\t\t<div class=\"elementor-element elementor-element-f88e51c elementor-widget elementor-widget-image\" data-id=\"f88e51c\" data-element_type=\"widget\" data-e-type=\"widget\" data-widget_type=\"image.default\">\n\t\t\t\t<div class=\"elementor-widget-container\">\n\t\t\t\t\t\t\t\t\t\t\t\t\t\t\t<img fetchpriority=\"high\" decoding=\"async\" width=\"500\" height=\"467\" src=\"https:\/\/www.atkinsonhomesal.com\/wp-content\/uploads\/2022\/09\/moving-into-new-manufactured-home-alabama-family.jpg\" class=\"attachment-large size-large wp-image-3474\" alt=\"\" srcset=\"https:\/\/www.atkinsonhomesal.com\/wp-content\/uploads\/2022\/09\/moving-into-new-manufactured-home-alabama-family-200x187.jpg 200w, https:\/\/www.atkinsonhomesal.com\/wp-content\/uploads\/2022\/09\/moving-into-new-manufactured-home-alabama-family-300x280.jpg 300w, https:\/\/www.atkinsonhomesal.com\/wp-content\/uploads\/2022\/09\/moving-into-new-manufactured-home-alabama-family-400x374.jpg 400w, https:\/\/www.atkinsonhomesal.com\/wp-content\/uploads\/2022\/09\/moving-into-new-manufactured-home-alabama-family.jpg 500w\" sizes=\"(max-width: 500px) 100vw, 500px\" \/>\t\t\t\t\t\t\t\t\t\t\t\t\t\t\t<\/div>\n\t\t\t\t<\/div>\n\t\t\t\t\t<\/div>\n\t\t<\/div>\n\t\t\t\t\t<\/div>\n\t\t<\/section>\n\t\t\t\t<section class=\"elementor-section elementor-top-section elementor-element elementor-element-15c0443 elementor-section-boxed elementor-section-height-default elementor-section-height-default\" data-id=\"15c0443\" data-element_type=\"section\" data-e-type=\"section\">\n\t\t\t\t\t\t<div class=\"elementor-container elementor-column-gap-default\">\n\t\t\t\t\t<div class=\"elementor-column elementor-col-100 elementor-top-column elementor-element elementor-element-320606f\" data-id=\"320606f\" data-element_type=\"column\" data-e-type=\"column\">\n\t\t\t<div class=\"elementor-widget-wrap\">\n\t\t\t\t\t\t\t<\/div>\n\t\t<\/div>\n\t\t\t\t\t<\/div>\n\t\t<\/section>\n\t\t\t\t<\/div>","protected":false},"excerpt":{"rendered":"<p>Buying from Atkinson Homes You&#8217;ve thought about what floor plan  [&#8230;]<\/p>\n","protected":false},"author":1,"featured_media":0,"parent":0,"menu_order":0,"comment_status":"closed","ping_status":"open","template":"","meta":{"_monsterinsights_skip_tracking":false,"_monsterinsights_sitenote_active":false,"_monsterinsights_sitenote_note":"","_monsterinsights_sitenote_category":0,"footnotes":""},"class_list":["post-14","page","type-page","status-publish","hentry"],"yoast_head":"<!-- This site is optimized with the Yoast SEO plugin v27.4 - https:\/\/yoast.com\/product\/yoast-seo-wordpress\/ -->\n<title>About Us - Atkinson Homes<\/title>\n<meta name=\"robots\" content=\"index, follow, max-snippet:-1, max-image-preview:large, max-video-preview:-1\" \/>\n<link rel=\"canonical\" href=\"https:\/\/www.atkinsonhomesal.com\/es\/your-alabama-manufactured-home-retailer\/\" \/>\n<meta property=\"og:locale\" content=\"es_ES\" \/>\n<meta property=\"og:type\" content=\"article\" \/>\n<meta property=\"og:title\" content=\"About Us - Atkinson Homes\" \/>\n<meta property=\"og:description\" content=\"Buying from Atkinson Homes You&#8217;ve thought about what floor plan [...]\" \/>\n<meta property=\"og:url\" content=\"https:\/\/www.atkinsonhomesal.com\/es\/your-alabama-manufactured-home-retailer\/\" \/>\n<meta property=\"og:site_name\" content=\"Atkinson Homes\" \/>\n<meta property=\"article:modified_time\" content=\"2025-03-24T21:00:12+00:00\" \/>\n<meta property=\"og:image\" content=\"https:\/\/www.atkinsonhomesal.com\/wp-content\/uploads\/2022\/09\/moving-into-new-manufactured-home-alabama-family.jpg\" \/>\n<meta name=\"twitter:label1\" content=\"Tiempo de lectura\" \/>\n\t<meta name=\"twitter:data1\" content=\"2 minutos\" \/>\n<script type=\"application\/ld+json\" class=\"yoast-schema-graph\">{\"@context\":\"https:\\\/\\\/schema.org\",\"@graph\":[{\"@type\":\"WebPage\",\"@id\":\"https:\\\/\\\/www.atkinsonhomesal.com\\\/your-alabama-manufactured-home-retailer\\\/\",\"url\":\"https:\\\/\\\/www.atkinsonhomesal.com\\\/your-alabama-manufactured-home-retailer\\\/\",\"name\":\"About Us - Atkinson Homes\",\"isPartOf\":{\"@id\":\"https:\\\/\\\/www.atkinsonhomesal.com\\\/#website\"},\"primaryImageOfPage\":{\"@id\":\"https:\\\/\\\/www.atkinsonhomesal.com\\\/your-alabama-manufactured-home-retailer\\\/#primaryimage\"},\"image\":{\"@id\":\"https:\\\/\\\/www.atkinsonhomesal.com\\\/your-alabama-manufactured-home-retailer\\\/#primaryimage\"},\"thumbnailUrl\":\"https:\\\/\\\/www.atkinsonhomesal.com\\\/wp-content\\\/uploads\\\/2022\\\/09\\\/moving-into-new-manufactured-home-alabama-family.jpg\",\"datePublished\":\"2014-09-17T18:14:49+00:00\",\"dateModified\":\"2025-03-24T21:00:12+00:00\",\"breadcrumb\":{\"@id\":\"https:\\\/\\\/www.atkinsonhomesal.com\\\/your-alabama-manufactured-home-retailer\\\/#breadcrumb\"},\"inLanguage\":\"es\",\"potentialAction\":[{\"@type\":\"ReadAction\",\"target\":[\"https:\\\/\\\/www.atkinsonhomesal.com\\\/your-alabama-manufactured-home-retailer\\\/\"]}]},{\"@type\":\"ImageObject\",\"inLanguage\":\"es\",\"@id\":\"https:\\\/\\\/www.atkinsonhomesal.com\\\/your-alabama-manufactured-home-retailer\\\/#primaryimage\",\"url\":\"https:\\\/\\\/www.atkinsonhomesal.com\\\/wp-content\\\/uploads\\\/2022\\\/09\\\/moving-into-new-manufactured-home-alabama-family.jpg\",\"contentUrl\":\"https:\\\/\\\/www.atkinsonhomesal.com\\\/wp-content\\\/uploads\\\/2022\\\/09\\\/moving-into-new-manufactured-home-alabama-family.jpg\"},{\"@type\":\"BreadcrumbList\",\"@id\":\"https:\\\/\\\/www.atkinsonhomesal.com\\\/your-alabama-manufactured-home-retailer\\\/#breadcrumb\",\"itemListElement\":[{\"@type\":\"ListItem\",\"position\":1,\"name\":\"Home\",\"item\":\"https:\\\/\\\/www.atkinsonhomesal.com\\\/\"},{\"@type\":\"ListItem\",\"position\":2,\"name\":\"About Us\"}]},{\"@type\":\"WebSite\",\"@id\":\"https:\\\/\\\/www.atkinsonhomesal.com\\\/#website\",\"url\":\"https:\\\/\\\/www.atkinsonhomesal.com\\\/\",\"name\":\"Atkinson Homes\",\"description\":\"You are going to love our homes\",\"publisher\":{\"@id\":\"https:\\\/\\\/www.atkinsonhomesal.com\\\/#organization\"},\"potentialAction\":[{\"@type\":\"SearchAction\",\"target\":{\"@type\":\"EntryPoint\",\"urlTemplate\":\"https:\\\/\\\/www.atkinsonhomesal.com\\\/?s={search_term_string}\"},\"query-input\":{\"@type\":\"PropertyValueSpecification\",\"valueRequired\":true,\"valueName\":\"search_term_string\"}}],\"inLanguage\":\"es\"},{\"@type\":\"Organization\",\"@id\":\"https:\\\/\\\/www.atkinsonhomesal.com\\\/#organization\",\"name\":\"Atkinson Homes\",\"url\":\"https:\\\/\\\/www.atkinsonhomesal.com\\\/\",\"logo\":{\"@type\":\"ImageObject\",\"inLanguage\":\"es\",\"@id\":\"https:\\\/\\\/www.atkinsonhomesal.com\\\/#\\\/schema\\\/logo\\\/image\\\/\",\"url\":\"https:\\\/\\\/www.atkinsonhomesal.com\\\/wp-content\\\/uploads\\\/2022\\\/08\\\/cropped-atkinson-homes-page-logo.jpg\",\"contentUrl\":\"https:\\\/\\\/www.atkinsonhomesal.com\\\/wp-content\\\/uploads\\\/2022\\\/08\\\/cropped-atkinson-homes-page-logo.jpg\",\"width\":512,\"height\":512,\"caption\":\"Atkinson Homes\"},\"image\":{\"@id\":\"https:\\\/\\\/www.atkinsonhomesal.com\\\/#\\\/schema\\\/logo\\\/image\\\/\"}}]}<\/script>\n<!-- \/ Yoast SEO plugin. -->","yoast_head_json":{"title":"Acerca de nosotros - Atkinson Homes","robots":{"index":"index","follow":"follow","max-snippet":"max-snippet:-1","max-image-preview":"max-image-preview:large","max-video-preview":"max-video-preview:-1"},"canonical":"https:\/\/www.atkinsonhomesal.com\/es\/your-alabama-manufactured-home-retailer\/","og_locale":"es_ES","og_type":"article","og_title":"About Us - Atkinson Homes","og_description":"Buying from Atkinson Homes You&#8217;ve thought about what floor plan [...]","og_url":"https:\/\/www.atkinsonhomesal.com\/es\/your-alabama-manufactured-home-retailer\/","og_site_name":"Atkinson Homes","article_modified_time":"2025-03-24T21:00:12+00:00","og_image":[{"url":"https:\/\/www.atkinsonhomesal.com\/wp-content\/uploads\/2022\/09\/moving-into-new-manufactured-home-alabama-family.jpg","type":"","width":"","height":""}],"twitter_misc":{"Tiempo de lectura":"2 minutos"},"schema":{"@context":"https:\/\/schema.org","@graph":[{"@type":"WebPage","@id":"https:\/\/www.atkinsonhomesal.com\/your-alabama-manufactured-home-retailer\/","url":"https:\/\/www.atkinsonhomesal.com\/your-alabama-manufactured-home-retailer\/","name":"Acerca de nosotros - Atkinson Homes","isPartOf":{"@id":"https:\/\/www.atkinsonhomesal.com\/#website"},"primaryImageOfPage":{"@id":"https:\/\/www.atkinsonhomesal.com\/your-alabama-manufactured-home-retailer\/#primaryimage"},"image":{"@id":"https:\/\/www.atkinsonhomesal.com\/your-alabama-manufactured-home-retailer\/#primaryimage"},"thumbnailUrl":"https:\/\/www.atkinsonhomesal.com\/wp-content\/uploads\/2022\/09\/moving-into-new-manufactured-home-alabama-family.jpg","datePublished":"2014-09-17T18:14:49+00:00","dateModified":"2025-03-24T21:00:12+00:00","breadcrumb":{"@id":"https:\/\/www.atkinsonhomesal.com\/your-alabama-manufactured-home-retailer\/#breadcrumb"},"inLanguage":"es","potentialAction":[{"@type":"ReadAction","target":["https:\/\/www.atkinsonhomesal.com\/your-alabama-manufactured-home-retailer\/"]}]},{"@type":"ImageObject","inLanguage":"es","@id":"https:\/\/www.atkinsonhomesal.com\/your-alabama-manufactured-home-retailer\/#primaryimage","url":"https:\/\/www.atkinsonhomesal.com\/wp-content\/uploads\/2022\/09\/moving-into-new-manufactured-home-alabama-family.jpg","contentUrl":"https:\/\/www.atkinsonhomesal.com\/wp-content\/uploads\/2022\/09\/moving-into-new-manufactured-home-alabama-family.jpg"},{"@type":"BreadcrumbList","@id":"https:\/\/www.atkinsonhomesal.com\/your-alabama-manufactured-home-retailer\/#breadcrumb","itemListElement":[{"@type":"ListItem","position":1,"name":"Home","item":"https:\/\/www.atkinsonhomesal.com\/"},{"@type":"ListItem","position":2,"name":"About Us"}]},{"@type":"WebSite","@id":"https:\/\/www.atkinsonhomesal.com\/#website","url":"https:\/\/www.atkinsonhomesal.com\/","name":"Casas en Atkinson","description":"Te van a encantar nuestras casas","publisher":{"@id":"https:\/\/www.atkinsonhomesal.com\/#organization"},"potentialAction":[{"@type":"SearchAction","target":{"@type":"EntryPoint","urlTemplate":"https:\/\/www.atkinsonhomesal.com\/?s={search_term_string}"},"query-input":{"@type":"PropertyValueSpecification","valueRequired":true,"valueName":"search_term_string"}}],"inLanguage":"es"},{"@type":"Organization","@id":"https:\/\/www.atkinsonhomesal.com\/#organization","name":"Casas en Atkinson","url":"https:\/\/www.atkinsonhomesal.com\/","logo":{"@type":"ImageObject","inLanguage":"es","@id":"https:\/\/www.atkinsonhomesal.com\/#\/schema\/logo\/image\/","url":"https:\/\/www.atkinsonhomesal.com\/wp-content\/uploads\/2022\/08\/cropped-atkinson-homes-page-logo.jpg","contentUrl":"https:\/\/www.atkinsonhomesal.com\/wp-content\/uploads\/2022\/08\/cropped-atkinson-homes-page-logo.jpg","width":512,"height":512,"caption":"Atkinson Homes"},"image":{"@id":"https:\/\/www.atkinsonhomesal.com\/#\/schema\/logo\/image\/"}}]}},"_links":{"self":[{"href":"https:\/\/www.atkinsonhomesal.com\/es\/wp-json\/wp\/v2\/pages\/14","targetHints":{"allow":["GET"]}}],"collection":[{"href":"https:\/\/www.atkinsonhomesal.com\/es\/wp-json\/wp\/v2\/pages"}],"about":[{"href":"https:\/\/www.atkinsonhomesal.com\/es\/wp-json\/wp\/v2\/types\/page"}],"author":[{"embeddable":true,"href":"https:\/\/www.atkinsonhomesal.com\/es\/wp-json\/wp\/v2\/users\/1"}],"replies":[{"embeddable":true,"href":"https:\/\/www.atkinsonhomesal.com\/es\/wp-json\/wp\/v2\/comments?post=14"}],"version-history":[{"count":5,"href":"https:\/\/www.atkinsonhomesal.com\/es\/wp-json\/wp\/v2\/pages\/14\/revisions"}],"predecessor-version":[{"id":4843,"href":"https:\/\/www.atkinsonhomesal.com\/es\/wp-json\/wp\/v2\/pages\/14\/revisions\/4843"}],"wp:attachment":[{"href":"https:\/\/www.atkinsonhomesal.com\/es\/wp-json\/wp\/v2\/media?parent=14"}],"curies":[{"name":"gracias","href":"https:\/\/api.w.org\/{rel}","templated":true}]}}