{"id":12,"date":"2014-09-17T13:14:21","date_gmt":"2014-09-17T18:14:21","guid":{"rendered":"http:\/\/www.atkinsonhomesal.com\/?page_id=12"},"modified":"2025-07-31T20:07:06","modified_gmt":"2025-08-01T01:07:06","slug":"financing","status":"publish","type":"page","link":"https:\/\/www.atkinsonhomesal.com\/es\/financing\/","title":{"rendered":"Financiaci\u00f3n"},"content":{"rendered":"<div data-elementor-type=\"wp-page\" data-elementor-id=\"12\" class=\"elementor elementor-12\" data-elementor-post-type=\"page\">\n\t\t\t\t\t\t<section class=\"elementor-section elementor-top-section elementor-element elementor-element-21edf07 elementor-section-full_width elementor-section-content-top elementor-section-height-default elementor-section-height-default\" data-id=\"21edf07\" data-element_type=\"section\" data-e-type=\"section\">\n\t\t\t\t\t\t<div class=\"elementor-container elementor-column-gap-no\">\n\t\t\t\t\t<div class=\"elementor-column elementor-col-100 elementor-top-column elementor-element elementor-element-9bf23fb\" data-id=\"9bf23fb\" data-element_type=\"column\" data-e-type=\"column\">\n\t\t\t<div class=\"elementor-widget-wrap elementor-element-populated\">\n\t\t\t\t\t\t<div class=\"elementor-element elementor-element-61fc57b elementor-widget elementor-widget-image\" data-id=\"61fc57b\" data-element_type=\"widget\" data-e-type=\"widget\" data-widget_type=\"image.default\">\n\t\t\t\t<div class=\"elementor-widget-container\">\n\t\t\t\t\t\t\t\t\t\t\t\t\t\t\t<img fetchpriority=\"high\" decoding=\"async\" width=\"1024\" height=\"358\" src=\"https:\/\/www.atkinsonhomesal.com\/wp-content\/uploads\/2022\/09\/manufactured-home-financing-closing-alabama-mobile-1024x358.jpg\" class=\"attachment-large size-large wp-image-3653\" alt=\"\" srcset=\"https:\/\/www.atkinsonhomesal.com\/wp-content\/uploads\/2022\/09\/manufactured-home-financing-closing-alabama-mobile-200x70.jpg 200w, https:\/\/www.atkinsonhomesal.com\/wp-content\/uploads\/2022\/09\/manufactured-home-financing-closing-alabama-mobile-300x105.jpg 300w, https:\/\/www.atkinsonhomesal.com\/wp-content\/uploads\/2022\/09\/manufactured-home-financing-closing-alabama-mobile-400x140.jpg 400w, https:\/\/www.atkinsonhomesal.com\/wp-content\/uploads\/2022\/09\/manufactured-home-financing-closing-alabama-mobile-600x210.jpg 600w, https:\/\/www.atkinsonhomesal.com\/wp-content\/uploads\/2022\/09\/manufactured-home-financing-closing-alabama-mobile-768x269.jpg 768w, https:\/\/www.atkinsonhomesal.com\/wp-content\/uploads\/2022\/09\/manufactured-home-financing-closing-alabama-mobile-800x280.jpg 800w, https:\/\/www.atkinsonhomesal.com\/wp-content\/uploads\/2022\/09\/manufactured-home-financing-closing-alabama-mobile-1024x358.jpg 1024w, https:\/\/www.atkinsonhomesal.com\/wp-content\/uploads\/2022\/09\/manufactured-home-financing-closing-alabama-mobile-1060x371.jpg 1060w, https:\/\/www.atkinsonhomesal.com\/wp-content\/uploads\/2022\/09\/manufactured-home-financing-closing-alabama-mobile-1200x420.jpg 1200w, https:\/\/www.atkinsonhomesal.com\/wp-content\/uploads\/2022\/09\/manufactured-home-financing-closing-alabama-mobile-1536x537.jpg 1536w\" sizes=\"(max-width: 1024px) 100vw, 1024px\" \/>\t\t\t\t\t\t\t\t\t\t\t\t\t\t\t<\/div>\n\t\t\t\t<\/div>\n\t\t\t\t<div class=\"elementor-element elementor-element-176d1bd elementor-widget elementor-widget-heading\" data-id=\"176d1bd\" data-element_type=\"widget\" data-e-type=\"widget\" data-widget_type=\"heading.default\">\n\t\t\t\t<div class=\"elementor-widget-container\">\n\t\t\t\t\t<h1 class=\"elementor-heading-title elementor-size-default\">Financiaci\u00f3n<\/h1>\t\t\t\t<\/div>\n\t\t\t\t<\/div>\n\t\t\t\t<div class=\"elementor-element elementor-element-9b6a57d elementor-widget__width-initial elementor-widget elementor-widget-text-editor\" data-id=\"9b6a57d\" data-element_type=\"widget\" data-e-type=\"widget\" data-widget_type=\"text-editor.default\">\n\t\t\t\t<div class=\"elementor-widget-container\">\n\t\t\t\t\t\t\t\t\t<p style=\"text-align: center;\">Atkinson Homes sabe que el financiamiento es especialmente cr\u00edtico en estos tiempos econ\u00f3micos. Cada cliente tiene diferentes necesidades y expectativas financieras. Es por eso que mantenemos relaciones con numerosas fuentes financieras con todos los diferentes tipos de programas financieros que ofrecen las instituciones.<\/p>\t\t\t\t\t\t\t\t<\/div>\n\t\t\t\t<\/div>\n\t\t\t\t<div class=\"elementor-element elementor-element-756767f elementor-widget elementor-widget-spacer\" data-id=\"756767f\" data-element_type=\"widget\" data-e-type=\"widget\" data-widget_type=\"spacer.default\">\n\t\t\t\t<div class=\"elementor-widget-container\">\n\t\t\t\t\t\t\t<div class=\"elementor-spacer\">\n\t\t\t<div class=\"elementor-spacer-inner\"><\/div>\n\t\t<\/div>\n\t\t\t\t\t\t<\/div>\n\t\t\t\t<\/div>\n\t\t\t\t\t<\/div>\n\t\t<\/div>\n\t\t\t\t\t<\/div>\n\t\t<\/section>\n\t\t\t\t<section class=\"elementor-section elementor-top-section elementor-element elementor-element-796924e9 elementor-section-boxed elementor-section-height-default elementor-section-height-default\" data-id=\"796924e9\" data-element_type=\"section\" data-e-type=\"section\" data-settings=\"{&quot;background_background&quot;:&quot;classic&quot;}\">\n\t\t\t\t\t\t<div class=\"elementor-container elementor-column-gap-default\">\n\t\t\t\t\t<div class=\"elementor-column elementor-col-100 elementor-top-column elementor-element elementor-element-4d5470d6\" data-id=\"4d5470d6\" data-element_type=\"column\" data-e-type=\"column\">\n\t\t\t<div class=\"elementor-widget-wrap elementor-element-populated\">\n\t\t\t\t\t\t<div class=\"elementor-element elementor-element-7923cea elementor-widget__width-initial elementor-widget elementor-widget-text-editor\" data-id=\"7923cea\" data-element_type=\"widget\" data-e-type=\"widget\" data-widget_type=\"text-editor.default\">\n\t\t\t\t<div class=\"elementor-widget-container\">\n\t\t\t\t\t\t\t\t\t<p style=\"text-align: center;\"><span style=\"color: #ffffff;\">Llame a nuestra oficina si tiene alguna pregunta sobre financiamiento.<\/span><\/p>\n<p style=\"text-align: center;\" align=\"left\"><span style=\"color: #ffffff;\"><a style=\"color: #ffffff;\" title=\"Solicitud de cr\u00e9dito de viviendas de Atkinson\" href=\"https:\/\/www.atkinsonhomesal.com\/es\/credit-application\/\"><b>Haga clic aqu\u00ed para completar una verificaci\u00f3n de precalificaci\u00f3n r\u00e1pida y segura.<\/b><\/a><\/span><\/p>\n<p style=\"text-align: center;\" align=\"left\"><span style=\"color: #ffffff;\"><a style=\"color: #ffffff;\" title=\"Solicitud de cr\u00e9dito de viviendas de Atkinson\" href=\"https:\/\/www.atkinsonhomesal.com\/wp-content\/uploads\/2014\/10\/Credit-Application-For-Printing.pdf\"><b>Haga clic aqu\u00ed para imprimir la solicitud original.<\/b><\/a><\/span><\/p>\n<hr \/>\n<p style=\"text-align: center;\" align=\"left\"><span style=\"color: #ffffff;\"><b>PRECAUCI\u00d3N: NO conf\u00ede en los resultados de esta calculadora para tomar decisiones financieras. Las tasas de inter\u00e9s var\u00edan y las leyes fiscales cambian regularmente. Comun\u00edquese con nosotros para obtener ayuda con sus inquietudes espec\u00edficas. <\/b><\/span><\/p>\n<p style=\"text-align: center;\"><span style=\"color: #ffffff;\">\t\t\t\t\t\t\t\t<\/div>\n\t\t\t\t<\/div>\n\t\t\t\t<div class=\"elementor-element elementor-element-2226c5c elementor-widget elementor-widget-text-editor\" data-id=\"2226c5c\" data-element_type=\"widget\" data-e-type=\"widget\" data-widget_type=\"text-editor.default\">\n\t\t\t\t<div class=\"elementor-widget-container\">\n\t\t\t\t\t\t\t\t\t<meta charset=\"utf-8\"><meta http-equiv=\"X-UA-Compatible\" content=\"IE=edge\"><meta name=\"viewport\" content=\"width=device-width, initial-scale=1, user-scalable=no\"><iframe title=\"C\u00f3digo de widget de iframe\" src=\"https:\/\/www.primcomortgage.com\/calculator\/iframe-widget?HighchartColumnInterest=262526&#038;HighchartColumnPrincipal=85a3b3&#038;HighchartPieInterest=262526&#038;HighchartPiePrincipal=85a3b3&#038;HighchartPieInsurance=658693&#038;HighchartPieMortgageInsurance=dddad7&#038;ButtonColor=85a3b3&#038;HighlightTextColor=85a3b3&#038;HighlightTextColorLight=85a3b3&#038;HeaderColor=85a3b3&#038;NavigateMode=true&#038;CalcMode=Mortgage&#038;Footnote=true&#038;AmortTab=true&#038;lo=false&#038;lo-name= &#038;lo-title=&#038;lo-nmls=&#038;lo-location=, &#038;lo-email=&#038;lo-phone=&#038;lo-imageurl=https:\/\/cloud.cmgfi.com\/dvbdysuf5\/image\/upload\/v1571538212\/CMG_Web_Resources\/LO_Images\/photo-placeholder.png&#038;lo-applynow=&#038;lo-mysite=&#038;lo-logo=\" width=\"100%\" height=\"1000\" frameborder=\"0\"><\/iframe>\t\t\t\t\t\t\t\t<\/div>\n\t\t\t\t<\/div>\n\t\t\t\t\t<\/div>\n\t\t<\/div>\n\t\t\t\t\t<\/div>\n\t\t<\/section>\n\t\t\t\t<\/div>","protected":false},"excerpt":{"rendered":"<p>Financing Atkinson Homes knows that financing is especially critical in  [&#8230;]<\/p>\n","protected":false},"author":1,"featured_media":0,"parent":0,"menu_order":0,"comment_status":"closed","ping_status":"open","template":"elementor_header_footer","meta":{"_monsterinsights_skip_tracking":false,"_monsterinsights_sitenote_active":false,"_monsterinsights_sitenote_note":"","_monsterinsights_sitenote_category":0,"footnotes":""},"class_list":["post-12","page","type-page","status-publish","hentry"],"yoast_head":"<!-- This site is optimized with the Yoast SEO plugin v27.4 - https:\/\/yoast.com\/product\/yoast-seo-wordpress\/ -->\n<title>Financing - Atkinson Homes<\/title>\n<meta name=\"robots\" content=\"index, follow, max-snippet:-1, max-image-preview:large, max-video-preview:-1\" \/>\n<link rel=\"canonical\" href=\"https:\/\/www.atkinsonhomesal.com\/es\/financing\/\" \/>\n<meta property=\"og:locale\" content=\"es_ES\" \/>\n<meta property=\"og:type\" content=\"article\" \/>\n<meta property=\"og:title\" content=\"Financing - Atkinson Homes\" \/>\n<meta property=\"og:description\" content=\"Financing Atkinson Homes knows that financing is especially critical in [...]\" \/>\n<meta property=\"og:url\" content=\"https:\/\/www.atkinsonhomesal.com\/es\/financing\/\" \/>\n<meta property=\"og:site_name\" content=\"Atkinson Homes\" \/>\n<meta property=\"article:modified_time\" content=\"2025-08-01T01:07:06+00:00\" \/>\n<meta property=\"og:image\" content=\"https:\/\/www.atkinsonhomesal.com\/wp-content\/uploads\/2022\/09\/manufactured-home-financing-closing-alabama-mobile.jpg\" \/>\n\t<meta property=\"og:image:width\" content=\"2048\" \/>\n\t<meta property=\"og:image:height\" content=\"716\" \/>\n\t<meta property=\"og:image:type\" content=\"image\/jpeg\" \/>\n<meta name=\"twitter:label1\" content=\"Tiempo de lectura\" \/>\n\t<meta name=\"twitter:data1\" content=\"1 minuto\" \/>\n<script type=\"application\/ld+json\" class=\"yoast-schema-graph\">{\"@context\":\"https:\\\/\\\/schema.org\",\"@graph\":[{\"@type\":\"WebPage\",\"@id\":\"https:\\\/\\\/www.atkinsonhomesal.com\\\/financing\\\/\",\"url\":\"https:\\\/\\\/www.atkinsonhomesal.com\\\/financing\\\/\",\"name\":\"Financing - Atkinson Homes\",\"isPartOf\":{\"@id\":\"https:\\\/\\\/www.atkinsonhomesal.com\\\/#website\"},\"primaryImageOfPage\":{\"@id\":\"https:\\\/\\\/www.atkinsonhomesal.com\\\/financing\\\/#primaryimage\"},\"image\":{\"@id\":\"https:\\\/\\\/www.atkinsonhomesal.com\\\/financing\\\/#primaryimage\"},\"thumbnailUrl\":\"https:\\\/\\\/www.atkinsonhomesal.com\\\/wp-content\\\/uploads\\\/2022\\\/09\\\/manufactured-home-financing-closing-alabama-mobile-1024x358.jpg\",\"datePublished\":\"2014-09-17T18:14:21+00:00\",\"dateModified\":\"2025-08-01T01:07:06+00:00\",\"breadcrumb\":{\"@id\":\"https:\\\/\\\/www.atkinsonhomesal.com\\\/financing\\\/#breadcrumb\"},\"inLanguage\":\"es\",\"potentialAction\":[{\"@type\":\"ReadAction\",\"target\":[\"https:\\\/\\\/www.atkinsonhomesal.com\\\/financing\\\/\"]}]},{\"@type\":\"ImageObject\",\"inLanguage\":\"es\",\"@id\":\"https:\\\/\\\/www.atkinsonhomesal.com\\\/financing\\\/#primaryimage\",\"url\":\"https:\\\/\\\/www.atkinsonhomesal.com\\\/wp-content\\\/uploads\\\/2022\\\/09\\\/manufactured-home-financing-closing-alabama-mobile-1024x358.jpg\",\"contentUrl\":\"https:\\\/\\\/www.atkinsonhomesal.com\\\/wp-content\\\/uploads\\\/2022\\\/09\\\/manufactured-home-financing-closing-alabama-mobile-1024x358.jpg\"},{\"@type\":\"BreadcrumbList\",\"@id\":\"https:\\\/\\\/www.atkinsonhomesal.com\\\/financing\\\/#breadcrumb\",\"itemListElement\":[{\"@type\":\"ListItem\",\"position\":1,\"name\":\"Home\",\"item\":\"https:\\\/\\\/www.atkinsonhomesal.com\\\/\"},{\"@type\":\"ListItem\",\"position\":2,\"name\":\"Financing\"}]},{\"@type\":\"WebSite\",\"@id\":\"https:\\\/\\\/www.atkinsonhomesal.com\\\/#website\",\"url\":\"https:\\\/\\\/www.atkinsonhomesal.com\\\/\",\"name\":\"Atkinson Homes\",\"description\":\"You are going to love our homes\",\"publisher\":{\"@id\":\"https:\\\/\\\/www.atkinsonhomesal.com\\\/#organization\"},\"potentialAction\":[{\"@type\":\"SearchAction\",\"target\":{\"@type\":\"EntryPoint\",\"urlTemplate\":\"https:\\\/\\\/www.atkinsonhomesal.com\\\/?s={search_term_string}\"},\"query-input\":{\"@type\":\"PropertyValueSpecification\",\"valueRequired\":true,\"valueName\":\"search_term_string\"}}],\"inLanguage\":\"es\"},{\"@type\":\"Organization\",\"@id\":\"https:\\\/\\\/www.atkinsonhomesal.com\\\/#organization\",\"name\":\"Atkinson Homes\",\"url\":\"https:\\\/\\\/www.atkinsonhomesal.com\\\/\",\"logo\":{\"@type\":\"ImageObject\",\"inLanguage\":\"es\",\"@id\":\"https:\\\/\\\/www.atkinsonhomesal.com\\\/#\\\/schema\\\/logo\\\/image\\\/\",\"url\":\"https:\\\/\\\/www.atkinsonhomesal.com\\\/wp-content\\\/uploads\\\/2022\\\/08\\\/cropped-atkinson-homes-page-logo.jpg\",\"contentUrl\":\"https:\\\/\\\/www.atkinsonhomesal.com\\\/wp-content\\\/uploads\\\/2022\\\/08\\\/cropped-atkinson-homes-page-logo.jpg\",\"width\":512,\"height\":512,\"caption\":\"Atkinson Homes\"},\"image\":{\"@id\":\"https:\\\/\\\/www.atkinsonhomesal.com\\\/#\\\/schema\\\/logo\\\/image\\\/\"}}]}<\/script>\n<!-- \/ Yoast SEO plugin. -->","yoast_head_json":{"title":"Financiamiento - Atkinson Homes","robots":{"index":"index","follow":"follow","max-snippet":"max-snippet:-1","max-image-preview":"max-image-preview:large","max-video-preview":"max-video-preview:-1"},"canonical":"https:\/\/www.atkinsonhomesal.com\/es\/financing\/","og_locale":"es_ES","og_type":"article","og_title":"Financing - Atkinson Homes","og_description":"Financing Atkinson Homes knows that financing is especially critical in [...]","og_url":"https:\/\/www.atkinsonhomesal.com\/es\/financing\/","og_site_name":"Atkinson Homes","article_modified_time":"2025-08-01T01:07:06+00:00","og_image":[{"width":2048,"height":716,"url":"https:\/\/www.atkinsonhomesal.com\/wp-content\/uploads\/2022\/09\/manufactured-home-financing-closing-alabama-mobile.jpg","type":"image\/jpeg"}],"twitter_misc":{"Tiempo de lectura":"1 minuto"},"schema":{"@context":"https:\/\/schema.org","@graph":[{"@type":"WebPage","@id":"https:\/\/www.atkinsonhomesal.com\/financing\/","url":"https:\/\/www.atkinsonhomesal.com\/financing\/","name":"Financiamiento - Atkinson Homes","isPartOf":{"@id":"https:\/\/www.atkinsonhomesal.com\/#website"},"primaryImageOfPage":{"@id":"https:\/\/www.atkinsonhomesal.com\/financing\/#primaryimage"},"image":{"@id":"https:\/\/www.atkinsonhomesal.com\/financing\/#primaryimage"},"thumbnailUrl":"https:\/\/www.atkinsonhomesal.com\/wp-content\/uploads\/2022\/09\/manufactured-home-financing-closing-alabama-mobile-1024x358.jpg","datePublished":"2014-09-17T18:14:21+00:00","dateModified":"2025-08-01T01:07:06+00:00","breadcrumb":{"@id":"https:\/\/www.atkinsonhomesal.com\/financing\/#breadcrumb"},"inLanguage":"es","potentialAction":[{"@type":"ReadAction","target":["https:\/\/www.atkinsonhomesal.com\/financing\/"]}]},{"@type":"ImageObject","inLanguage":"es","@id":"https:\/\/www.atkinsonhomesal.com\/financing\/#primaryimage","url":"https:\/\/www.atkinsonhomesal.com\/wp-content\/uploads\/2022\/09\/manufactured-home-financing-closing-alabama-mobile-1024x358.jpg","contentUrl":"https:\/\/www.atkinsonhomesal.com\/wp-content\/uploads\/2022\/09\/manufactured-home-financing-closing-alabama-mobile-1024x358.jpg"},{"@type":"BreadcrumbList","@id":"https:\/\/www.atkinsonhomesal.com\/financing\/#breadcrumb","itemListElement":[{"@type":"ListItem","position":1,"name":"Home","item":"https:\/\/www.atkinsonhomesal.com\/"},{"@type":"ListItem","position":2,"name":"Financing"}]},{"@type":"WebSite","@id":"https:\/\/www.atkinsonhomesal.com\/#website","url":"https:\/\/www.atkinsonhomesal.com\/","name":"Casas en Atkinson","description":"Te van a encantar nuestras casas","publisher":{"@id":"https:\/\/www.atkinsonhomesal.com\/#organization"},"potentialAction":[{"@type":"SearchAction","target":{"@type":"EntryPoint","urlTemplate":"https:\/\/www.atkinsonhomesal.com\/?s={search_term_string}"},"query-input":{"@type":"PropertyValueSpecification","valueRequired":true,"valueName":"search_term_string"}}],"inLanguage":"es"},{"@type":"Organization","@id":"https:\/\/www.atkinsonhomesal.com\/#organization","name":"Casas en Atkinson","url":"https:\/\/www.atkinsonhomesal.com\/","logo":{"@type":"ImageObject","inLanguage":"es","@id":"https:\/\/www.atkinsonhomesal.com\/#\/schema\/logo\/image\/","url":"https:\/\/www.atkinsonhomesal.com\/wp-content\/uploads\/2022\/08\/cropped-atkinson-homes-page-logo.jpg","contentUrl":"https:\/\/www.atkinsonhomesal.com\/wp-content\/uploads\/2022\/08\/cropped-atkinson-homes-page-logo.jpg","width":512,"height":512,"caption":"Atkinson Homes"},"image":{"@id":"https:\/\/www.atkinsonhomesal.com\/#\/schema\/logo\/image\/"}}]}},"_links":{"self":[{"href":"https:\/\/www.atkinsonhomesal.com\/es\/wp-json\/wp\/v2\/pages\/12","targetHints":{"allow":["GET"]}}],"collection":[{"href":"https:\/\/www.atkinsonhomesal.com\/es\/wp-json\/wp\/v2\/pages"}],"about":[{"href":"https:\/\/www.atkinsonhomesal.com\/es\/wp-json\/wp\/v2\/types\/page"}],"author":[{"embeddable":true,"href":"https:\/\/www.atkinsonhomesal.com\/es\/wp-json\/wp\/v2\/users\/1"}],"replies":[{"embeddable":true,"href":"https:\/\/www.atkinsonhomesal.com\/es\/wp-json\/wp\/v2\/comments?post=12"}],"version-history":[{"count":5,"href":"https:\/\/www.atkinsonhomesal.com\/es\/wp-json\/wp\/v2\/pages\/12\/revisions"}],"predecessor-version":[{"id":5149,"href":"https:\/\/www.atkinsonhomesal.com\/es\/wp-json\/wp\/v2\/pages\/12\/revisions\/5149"}],"wp:attachment":[{"href":"https:\/\/www.atkinsonhomesal.com\/es\/wp-json\/wp\/v2\/media?parent=12"}],"curies":[{"name":"gracias","href":"https:\/\/api.w.org\/{rel}","templated":true}]}}